{"id":9698,"date":"2025-09-10T07:20:40","date_gmt":"2025-09-10T07:20:40","guid":{"rendered":"https:\/\/avenyazilim.com\/ezzecevre\/?page_id=9698"},"modified":"2025-09-10T07:20:40","modified_gmt":"2025-09-10T07:20:40","slug":"isg-danismanlik","status":"publish","type":"page","link":"https:\/\/avenyazilim.com\/ezzecevre\/isg-danismanlik\/","title":{"rendered":"\u0130SG Dan\u0131\u015fmanl\u0131k"},"content":{"rendered":"<div class=\"wpb-content-wrapper\"><p>[vc_row css=&#8221;.vc_custom_1757431160145{margin-top: 60px !important;margin-bottom: 60px !important;}&#8221; woodmart_css_id=&#8221;68c04565a0c0d&#8221; responsive_spacing=&#8221;eyJwYXJhbV90eXBlIjoid29vZG1hcnRfcmVzcG9uc2l2ZV9zcGFjaW5nIiwic2VsZWN0b3JfaWQiOiI2OGMwNDU2NWEwYzBkIiwic2hvcnRjb2RlIjoidmNfcm93IiwiZGF0YSI6eyJ0YWJsZXQiOnt9LCJtb2JpbGUiOnt9fX0=&#8221; mobile_bg_img_hidden=&#8221;no&#8221; tablet_bg_img_hidden=&#8221;no&#8221; woodmart_parallax=&#8221;0&#8243; woodmart_gradient_switch=&#8221;no&#8221; woodmart_box_shadow=&#8221;no&#8221; wd_z_index=&#8221;no&#8221; woodmart_disable_overflow=&#8221;0&#8243; row_reverse_mobile=&#8221;0&#8243; row_reverse_tablet=&#8221;0&#8243;][vc_column]\t\t\t\t\t\t\t\t\t<div class=\"wd-portfolio-element wd-rs-68c126af2ee64\">\n\n\t\t\t\t\t\n\t\t\t\t\t<div class=\"wd-projects wd-masonry wd-grid-f-col\" data-atts=\"{&quot;carousel_id&quot;:&quot;5000&quot;,&quot;speed&quot;:&quot;5000&quot;,&quot;slides_per_view&quot;:&quot;3&quot;,&quot;slides_per_view_tablet&quot;:&quot;auto&quot;,&quot;slides_per_view_mobile&quot;:&quot;auto&quot;,&quot;wrap&quot;:&quot;&quot;,&quot;loop&quot;:false,&quot;autoplay&quot;:&quot;no&quot;,&quot;autoheight&quot;:&quot;no&quot;,&quot;hide_pagination_control&quot;:&quot;no&quot;,&quot;hide_pagination_control_tablet&quot;:&quot;yes&quot;,&quot;hide_pagination_control_mobile&quot;:&quot;yes&quot;,&quot;dynamic_pagination_control&quot;:&quot;&quot;,&quot;hide_prev_next_buttons&quot;:&quot;&quot;,&quot;carousel_arrows_position&quot;:&quot;&quot;,&quot;hide_scrollbar&quot;:&quot;yes&quot;,&quot;hide_scrollbar_tablet&quot;:&quot;yes&quot;,&quot;hide_scrollbar_mobile&quot;:&quot;yes&quot;,&quot;scroll_per_page&quot;:&quot;yes&quot;,&quot;dragEndSpeed&quot;:200,&quot;center_mode&quot;:&quot;no&quot;,&quot;custom_sizes&quot;:&quot;&quot;,&quot;sliding_speed&quot;:false,&quot;animation&quot;:false,&quot;content_animation&quot;:false,&quot;post_type&quot;:&quot;&quot;,&quot;slider&quot;:&quot;&quot;,&quot;library&quot;:&quot;&quot;,&quot;css&quot;:&quot;&quot;,&quot;effect&quot;:&quot;&quot;,&quot;spacing&quot;:&quot;30&quot;,&quot;spacing_tablet&quot;:&quot;&quot;,&quot;spacing_mobile&quot;:&quot;&quot;,&quot;carousel_sync&quot;:&quot;&quot;,&quot;sync_parent_id&quot;:&quot;&quot;,&quot;sync_child_id&quot;:&quot;&quot;,&quot;scroll_carousel_init&quot;:&quot;&quot;,&quot;disable_overflow_carousel&quot;:&quot;&quot;,&quot;posts_per_page&quot;:&quot;8&quot;,&quot;filters&quot;:&quot;0&quot;,&quot;filters_type&quot;:&quot;masonry&quot;,&quot;categories&quot;:&quot;73&quot;,&quot;style&quot;:&quot;hover&quot;,&quot;columns&quot;:&quot;4&quot;,&quot;columns_tablet&quot;:&quot;auto&quot;,&quot;columns_mobile&quot;:&quot;auto&quot;,&quot;pagination&quot;:&quot;infinit&quot;,&quot;ajax_page&quot;:&quot;&quot;,&quot;orderby&quot;:&quot;&quot;,&quot;order&quot;:&quot;&quot;,&quot;layout&quot;:&quot;grid&quot;,&quot;lazy_loading&quot;:&quot;no&quot;,&quot;el_class&quot;:&quot;&quot;,&quot;image_size&quot;:&quot;large&quot;,&quot;woodmart_css_id&quot;:&quot;68c126af2ee64&quot;}\" data-source=\"shortcode\" data-paged=\"1\" style=\"--wd-col-lg:4;--wd-col-md:4;--wd-col-sm:1;--wd-gap-lg:30px;--wd-gap-sm:10px;\">\n\t\t\t\t\t\t\n<article id=\"post-9556\" class=\"wd-project portfolio-entry wd-col masonry-item portfolio-hover proj-cat-isg-danismanlik post-9556 portfolio type-portfolio status-publish has-post-thumbnail hentry project-cat-isg-danismanlik\">\n\t<header class=\"entry-header\">\n\t\t\t\t\t<figure class=\"entry-thumbnail color-scheme-light\">\n\t\t\t\t<a href=\"https:\/\/avenyazilim.com\/ezzecevre\/portfolio\/is-yeri-ortam-olcumleri\/\" class=\"portfolio-thumbnail\">\n\t\t\t\t\t<img loading=\"lazy\" decoding=\"async\" width=\"450\" height=\"800\" src=\"https:\/\/avenyazilim.com\/ezzecevre\/wp-content\/uploads\/2025\/09\/Adsiz-tasarim-15-450x800.jpg\" class=\"attachment-large size-large\" alt=\"\" srcset=\"https:\/\/avenyazilim.com\/ezzecevre\/wp-content\/uploads\/2025\/09\/Adsiz-tasarim-15-450x800.jpg 450w, https:\/\/avenyazilim.com\/ezzecevre\/wp-content\/uploads\/2025\/09\/Adsiz-tasarim-15-169x300.jpg 169w, https:\/\/avenyazilim.com\/ezzecevre\/wp-content\/uploads\/2025\/09\/Adsiz-tasarim-15-768x1365.jpg 768w, https:\/\/avenyazilim.com\/ezzecevre\/wp-content\/uploads\/2025\/09\/Adsiz-tasarim-15-864x1536.jpg 864w, https:\/\/avenyazilim.com\/ezzecevre\/wp-content\/uploads\/2025\/09\/Adsiz-tasarim-15-430x764.jpg 430w, https:\/\/avenyazilim.com\/ezzecevre\/wp-content\/uploads\/2025\/09\/Adsiz-tasarim-15-700x1244.jpg 700w, https:\/\/avenyazilim.com\/ezzecevre\/wp-content\/uploads\/2025\/09\/Adsiz-tasarim-15-150x267.jpg 150w, https:\/\/avenyazilim.com\/ezzecevre\/wp-content\/uploads\/2025\/09\/Adsiz-tasarim-15.jpg 1080w\" sizes=\"auto, (max-width: 450px) 100vw, 450px\" \/>\t\t\t\t<\/a>\n\t\t\t\t<div class=\"wd-portfolio-btns\">\n\t\t\t\t\t<div class=\"portfolio-enlarge wd-action-btn wd-style-icon wd-enlarge-icon wd-tltp wd-tltp-left\">\n\t\t\t\t\t\t<a href=\"https:\/\/avenyazilim.com\/ezzecevre\/wp-content\/uploads\/2025\/09\/Adsiz-tasarim-15.jpg\" data-elementor-open-lightbox=\"no\">View Large<\/a>\n\t\t\t\t\t<\/div>\n\t\t\t\t\t\t\t\t\t\t\t<div class=\"social-icons-wrapper wd-action-btn wd-style-icon wd-share-icon wd-tltp wd-tltp-left\">\n\t\t\t\t\t\t\t<a><\/a>\n\t\t\t\t\t\t\t<div class=\"wd-tooltip-label\">\n\t\t\t\t\t\t\t\t\n\t\t\t<div class=\" wd-social-icons  icons-design-default icons-size-small color-scheme-light social-share social-form-circle text-center\">\n\n\t\t\t\t\n\t\t\t\t\t\t\t\t\t<a rel=\"noopener noreferrer nofollow\" href=\"https:\/\/www.facebook.com\/sharer\/sharer.php?u=https:\/\/avenyazilim.com\/ezzecevre\/portfolio\/is-yeri-ortam-olcumleri\/\" target=\"_blank\" class=\" wd-social-icon social-facebook\" aria-label=\"Facebook social link\">\n\t\t\t\t\t\t<span class=\"wd-icon\"><\/span>\n\t\t\t\t\t\t\t\t\t\t\t<\/a>\n\t\t\t\t\n\t\t\t\t\t\t\t\t\t<a rel=\"noopener noreferrer nofollow\" href=\"https:\/\/x.com\/share?url=https:\/\/avenyazilim.com\/ezzecevre\/portfolio\/is-yeri-ortam-olcumleri\/\" target=\"_blank\" class=\" wd-social-icon social-twitter\" aria-label=\"X social link\">\n\t\t\t\t\t\t<span class=\"wd-icon\"><\/span>\n\t\t\t\t\t\t\t\t\t\t\t<\/a>\n\t\t\t\t\n\t\t\t\t\n\t\t\t\t\n\t\t\t\t\n\t\t\t\t\t\t\t\t\t<a rel=\"noopener noreferrer nofollow\" href=\"https:\/\/pinterest.com\/pin\/create\/button\/?url=https:\/\/avenyazilim.com\/ezzecevre\/portfolio\/is-yeri-ortam-olcumleri\/&media=https:\/\/avenyazilim.com\/ezzecevre\/wp-content\/uploads\/2025\/09\/Adsiz-tasarim-15.jpg&description=%C4%B0%C5%9F+Yeri+Ortam+%C3%96l%C3%A7%C3%BCmleri\" target=\"_blank\" class=\" wd-social-icon social-pinterest\" aria-label=\"Pinterest social link\">\n\t\t\t\t\t\t<span class=\"wd-icon\"><\/span>\n\t\t\t\t\t\t\t\t\t\t\t<\/a>\n\t\t\t\t\n\t\t\t\t\n\t\t\t\t\t\t\t\t\t<a rel=\"noopener noreferrer nofollow\" href=\"https:\/\/www.linkedin.com\/shareArticle?mini=true&url=https:\/\/avenyazilim.com\/ezzecevre\/portfolio\/is-yeri-ortam-olcumleri\/\" target=\"_blank\" class=\" wd-social-icon social-linkedin\" aria-label=\"Linkedin social link\">\n\t\t\t\t\t\t<span class=\"wd-icon\"><\/span>\n\t\t\t\t\t\t\t\t\t\t\t<\/a>\n\t\t\t\t\n\t\t\t\t\n\t\t\t\t\n\t\t\t\t\n\t\t\t\t\n\t\t\t\t\n\t\t\t\t\n\t\t\t\t\n\t\t\t\t\n\t\t\t\t\n\t\t\t\t\t\t\t\t\n\t\t\t\t\t\t\t\t\n\t\t\t\t\n\t\t\t\t\n\t\t\t\t\n\t\t\t\t\t\t\t\t\t<a rel=\"noopener noreferrer nofollow\" href=\"https:\/\/telegram.me\/share\/url?url=https:\/\/avenyazilim.com\/ezzecevre\/portfolio\/is-yeri-ortam-olcumleri\/\" target=\"_blank\" class=\" wd-social-icon social-tg\" aria-label=\"Telegram social link\">\n\t\t\t\t\t\t<span class=\"wd-icon\"><\/span>\n\t\t\t\t\t\t\t\t\t\t\t<\/a>\n\t\t\t\t\t\t\t\t\n\t\t\t\t\n\t\t\t<\/div>\n\n\t\t\t\t\t\t\t\t\t<\/div>\n\t\t\t\t\t\t<\/div>\n\t\t\t\t\t\t\t\t\t<\/div>\n\t\t\t<\/figure>\n\t\t\n\t\t<div class=\"portfolio-info color-scheme-light\">\n\t\t\t\t\t\t\t<div class=\"wrap-meta\">\n\t\t\t\t\t<ul class=\"proj-cats-list\">\n\t\t\t\t\t\t\t\t\t\t\t\t\t\t\t\t\t\t\t\t<li>\u0130SG Dan\u0131\u015fmanl\u0131k<\/li>\n\t\t\t\t\t\t\t\t\t\t\t<\/ul>\n\t\t\t\t<\/div>\n\t\t\t\n\t\t\t<div class=\"wrap-title\">\n\t\t\t\t<h3 class=\"wd-entities-title\">\n\t\t\t\t\t<a href=\"https:\/\/avenyazilim.com\/ezzecevre\/portfolio\/is-yeri-ortam-olcumleri\/\" rel=\"bookmark\">\u0130\u015f Yeri Ortam \u00d6l\u00e7\u00fcmleri<\/a>\n\t\t\t\t<\/h3>\n\t\t\t<\/div>\n\t\t<\/div>\n\t<\/header>\n<\/article>\n\n<article id=\"post-9554\" class=\"wd-project portfolio-entry wd-col masonry-item portfolio-hover proj-cat-isg-danismanlik post-9554 portfolio type-portfolio status-publish has-post-thumbnail hentry project-cat-isg-danismanlik\">\n\t<header class=\"entry-header\">\n\t\t\t\t\t<figure class=\"entry-thumbnail color-scheme-light\">\n\t\t\t\t<a href=\"https:\/\/avenyazilim.com\/ezzecevre\/portfolio\/makine-periyodik-kontrol-ve-muayene\/\" class=\"portfolio-thumbnail\">\n\t\t\t\t\t<img loading=\"lazy\" decoding=\"async\" width=\"450\" height=\"800\" src=\"https:\/\/avenyazilim.com\/ezzecevre\/wp-content\/uploads\/2025\/09\/Adsiz-tasarim-14-450x800.jpg\" class=\"attachment-large size-large\" alt=\"\" srcset=\"https:\/\/avenyazilim.com\/ezzecevre\/wp-content\/uploads\/2025\/09\/Adsiz-tasarim-14-450x800.jpg 450w, https:\/\/avenyazilim.com\/ezzecevre\/wp-content\/uploads\/2025\/09\/Adsiz-tasarim-14-169x300.jpg 169w, https:\/\/avenyazilim.com\/ezzecevre\/wp-content\/uploads\/2025\/09\/Adsiz-tasarim-14-768x1365.jpg 768w, https:\/\/avenyazilim.com\/ezzecevre\/wp-content\/uploads\/2025\/09\/Adsiz-tasarim-14-864x1536.jpg 864w, https:\/\/avenyazilim.com\/ezzecevre\/wp-content\/uploads\/2025\/09\/Adsiz-tasarim-14-430x764.jpg 430w, https:\/\/avenyazilim.com\/ezzecevre\/wp-content\/uploads\/2025\/09\/Adsiz-tasarim-14-700x1244.jpg 700w, https:\/\/avenyazilim.com\/ezzecevre\/wp-content\/uploads\/2025\/09\/Adsiz-tasarim-14-150x267.jpg 150w, https:\/\/avenyazilim.com\/ezzecevre\/wp-content\/uploads\/2025\/09\/Adsiz-tasarim-14.jpg 1080w\" sizes=\"auto, (max-width: 450px) 100vw, 450px\" \/>\t\t\t\t<\/a>\n\t\t\t\t<div class=\"wd-portfolio-btns\">\n\t\t\t\t\t<div class=\"portfolio-enlarge wd-action-btn wd-style-icon wd-enlarge-icon wd-tltp wd-tltp-left\">\n\t\t\t\t\t\t<a href=\"https:\/\/avenyazilim.com\/ezzecevre\/wp-content\/uploads\/2025\/09\/Adsiz-tasarim-14.jpg\" data-elementor-open-lightbox=\"no\">View Large<\/a>\n\t\t\t\t\t<\/div>\n\t\t\t\t\t\t\t\t\t\t\t<div class=\"social-icons-wrapper wd-action-btn wd-style-icon wd-share-icon wd-tltp wd-tltp-left\">\n\t\t\t\t\t\t\t<a><\/a>\n\t\t\t\t\t\t\t<div class=\"wd-tooltip-label\">\n\t\t\t\t\t\t\t\t\n\t\t\t<div class=\" wd-social-icons  icons-design-default icons-size-small color-scheme-light social-share social-form-circle text-center\">\n\n\t\t\t\t\n\t\t\t\t\t\t\t\t\t<a rel=\"noopener noreferrer nofollow\" href=\"https:\/\/www.facebook.com\/sharer\/sharer.php?u=https:\/\/avenyazilim.com\/ezzecevre\/portfolio\/makine-periyodik-kontrol-ve-muayene\/\" target=\"_blank\" class=\" wd-social-icon social-facebook\" aria-label=\"Facebook social link\">\n\t\t\t\t\t\t<span class=\"wd-icon\"><\/span>\n\t\t\t\t\t\t\t\t\t\t\t<\/a>\n\t\t\t\t\n\t\t\t\t\t\t\t\t\t<a rel=\"noopener noreferrer nofollow\" href=\"https:\/\/x.com\/share?url=https:\/\/avenyazilim.com\/ezzecevre\/portfolio\/makine-periyodik-kontrol-ve-muayene\/\" target=\"_blank\" class=\" wd-social-icon social-twitter\" aria-label=\"X social link\">\n\t\t\t\t\t\t<span class=\"wd-icon\"><\/span>\n\t\t\t\t\t\t\t\t\t\t\t<\/a>\n\t\t\t\t\n\t\t\t\t\n\t\t\t\t\n\t\t\t\t\n\t\t\t\t\t\t\t\t\t<a rel=\"noopener noreferrer nofollow\" href=\"https:\/\/pinterest.com\/pin\/create\/button\/?url=https:\/\/avenyazilim.com\/ezzecevre\/portfolio\/makine-periyodik-kontrol-ve-muayene\/&media=https:\/\/avenyazilim.com\/ezzecevre\/wp-content\/uploads\/2025\/09\/Adsiz-tasarim-14.jpg&description=Makine+Periyodik+Kontrol+ve+Muayene\" target=\"_blank\" class=\" wd-social-icon social-pinterest\" aria-label=\"Pinterest social link\">\n\t\t\t\t\t\t<span class=\"wd-icon\"><\/span>\n\t\t\t\t\t\t\t\t\t\t\t<\/a>\n\t\t\t\t\n\t\t\t\t\n\t\t\t\t\t\t\t\t\t<a rel=\"noopener noreferrer nofollow\" href=\"https:\/\/www.linkedin.com\/shareArticle?mini=true&url=https:\/\/avenyazilim.com\/ezzecevre\/portfolio\/makine-periyodik-kontrol-ve-muayene\/\" target=\"_blank\" class=\" wd-social-icon social-linkedin\" aria-label=\"Linkedin social link\">\n\t\t\t\t\t\t<span class=\"wd-icon\"><\/span>\n\t\t\t\t\t\t\t\t\t\t\t<\/a>\n\t\t\t\t\n\t\t\t\t\n\t\t\t\t\n\t\t\t\t\n\t\t\t\t\n\t\t\t\t\n\t\t\t\t\n\t\t\t\t\n\t\t\t\t\n\t\t\t\t\n\t\t\t\t\t\t\t\t\n\t\t\t\t\t\t\t\t\n\t\t\t\t\n\t\t\t\t\n\t\t\t\t\n\t\t\t\t\t\t\t\t\t<a rel=\"noopener noreferrer nofollow\" href=\"https:\/\/telegram.me\/share\/url?url=https:\/\/avenyazilim.com\/ezzecevre\/portfolio\/makine-periyodik-kontrol-ve-muayene\/\" target=\"_blank\" class=\" wd-social-icon social-tg\" aria-label=\"Telegram social link\">\n\t\t\t\t\t\t<span class=\"wd-icon\"><\/span>\n\t\t\t\t\t\t\t\t\t\t\t<\/a>\n\t\t\t\t\t\t\t\t\n\t\t\t\t\n\t\t\t<\/div>\n\n\t\t\t\t\t\t\t\t\t<\/div>\n\t\t\t\t\t\t<\/div>\n\t\t\t\t\t\t\t\t\t<\/div>\n\t\t\t<\/figure>\n\t\t\n\t\t<div class=\"portfolio-info color-scheme-light\">\n\t\t\t\t\t\t\t<div class=\"wrap-meta\">\n\t\t\t\t\t<ul class=\"proj-cats-list\">\n\t\t\t\t\t\t\t\t\t\t\t\t\t\t\t\t\t\t\t\t<li>\u0130SG Dan\u0131\u015fmanl\u0131k<\/li>\n\t\t\t\t\t\t\t\t\t\t\t<\/ul>\n\t\t\t\t<\/div>\n\t\t\t\n\t\t\t<div class=\"wrap-title\">\n\t\t\t\t<h3 class=\"wd-entities-title\">\n\t\t\t\t\t<a href=\"https:\/\/avenyazilim.com\/ezzecevre\/portfolio\/makine-periyodik-kontrol-ve-muayene\/\" rel=\"bookmark\">Makine Periyodik Kontrol ve Muayene<\/a>\n\t\t\t\t<\/h3>\n\t\t\t<\/div>\n\t\t<\/div>\n\t<\/header>\n<\/article>\n\n<article id=\"post-9551\" class=\"wd-project portfolio-entry wd-col masonry-item portfolio-hover proj-cat-isg-danismanlik post-9551 portfolio type-portfolio status-publish has-post-thumbnail hentry project-cat-isg-danismanlik\">\n\t<header class=\"entry-header\">\n\t\t\t\t\t<figure class=\"entry-thumbnail color-scheme-light\">\n\t\t\t\t<a href=\"https:\/\/avenyazilim.com\/ezzecevre\/portfolio\/acil-durum-eylem-plani-cizimi\/\" class=\"portfolio-thumbnail\">\n\t\t\t\t\t<img loading=\"lazy\" decoding=\"async\" width=\"450\" height=\"800\" src=\"https:\/\/avenyazilim.com\/ezzecevre\/wp-content\/uploads\/2025\/09\/Adsiz-tasarim-13-450x800.jpg\" class=\"attachment-large size-large\" alt=\"\" srcset=\"https:\/\/avenyazilim.com\/ezzecevre\/wp-content\/uploads\/2025\/09\/Adsiz-tasarim-13-450x800.jpg 450w, https:\/\/avenyazilim.com\/ezzecevre\/wp-content\/uploads\/2025\/09\/Adsiz-tasarim-13-169x300.jpg 169w, https:\/\/avenyazilim.com\/ezzecevre\/wp-content\/uploads\/2025\/09\/Adsiz-tasarim-13-768x1365.jpg 768w, https:\/\/avenyazilim.com\/ezzecevre\/wp-content\/uploads\/2025\/09\/Adsiz-tasarim-13-864x1536.jpg 864w, https:\/\/avenyazilim.com\/ezzecevre\/wp-content\/uploads\/2025\/09\/Adsiz-tasarim-13-430x764.jpg 430w, https:\/\/avenyazilim.com\/ezzecevre\/wp-content\/uploads\/2025\/09\/Adsiz-tasarim-13-700x1244.jpg 700w, https:\/\/avenyazilim.com\/ezzecevre\/wp-content\/uploads\/2025\/09\/Adsiz-tasarim-13-150x267.jpg 150w, https:\/\/avenyazilim.com\/ezzecevre\/wp-content\/uploads\/2025\/09\/Adsiz-tasarim-13.jpg 1080w\" sizes=\"auto, (max-width: 450px) 100vw, 450px\" \/>\t\t\t\t<\/a>\n\t\t\t\t<div class=\"wd-portfolio-btns\">\n\t\t\t\t\t<div class=\"portfolio-enlarge wd-action-btn wd-style-icon wd-enlarge-icon wd-tltp wd-tltp-left\">\n\t\t\t\t\t\t<a href=\"https:\/\/avenyazilim.com\/ezzecevre\/wp-content\/uploads\/2025\/09\/Adsiz-tasarim-13.jpg\" data-elementor-open-lightbox=\"no\">View Large<\/a>\n\t\t\t\t\t<\/div>\n\t\t\t\t\t\t\t\t\t\t\t<div class=\"social-icons-wrapper wd-action-btn wd-style-icon wd-share-icon wd-tltp wd-tltp-left\">\n\t\t\t\t\t\t\t<a><\/a>\n\t\t\t\t\t\t\t<div class=\"wd-tooltip-label\">\n\t\t\t\t\t\t\t\t\n\t\t\t<div class=\" wd-social-icons  icons-design-default icons-size-small color-scheme-light social-share social-form-circle text-center\">\n\n\t\t\t\t\n\t\t\t\t\t\t\t\t\t<a rel=\"noopener noreferrer nofollow\" href=\"https:\/\/www.facebook.com\/sharer\/sharer.php?u=https:\/\/avenyazilim.com\/ezzecevre\/portfolio\/acil-durum-eylem-plani-cizimi\/\" target=\"_blank\" class=\" wd-social-icon social-facebook\" aria-label=\"Facebook social link\">\n\t\t\t\t\t\t<span class=\"wd-icon\"><\/span>\n\t\t\t\t\t\t\t\t\t\t\t<\/a>\n\t\t\t\t\n\t\t\t\t\t\t\t\t\t<a rel=\"noopener noreferrer nofollow\" href=\"https:\/\/x.com\/share?url=https:\/\/avenyazilim.com\/ezzecevre\/portfolio\/acil-durum-eylem-plani-cizimi\/\" target=\"_blank\" class=\" wd-social-icon social-twitter\" aria-label=\"X social link\">\n\t\t\t\t\t\t<span class=\"wd-icon\"><\/span>\n\t\t\t\t\t\t\t\t\t\t\t<\/a>\n\t\t\t\t\n\t\t\t\t\n\t\t\t\t\n\t\t\t\t\n\t\t\t\t\t\t\t\t\t<a rel=\"noopener noreferrer nofollow\" href=\"https:\/\/pinterest.com\/pin\/create\/button\/?url=https:\/\/avenyazilim.com\/ezzecevre\/portfolio\/acil-durum-eylem-plani-cizimi\/&media=https:\/\/avenyazilim.com\/ezzecevre\/wp-content\/uploads\/2025\/09\/Adsiz-tasarim-13.jpg&description=Acil+Durum+Eylem+Plan%C4%B1+%C3%87izimi\" target=\"_blank\" class=\" wd-social-icon social-pinterest\" aria-label=\"Pinterest social link\">\n\t\t\t\t\t\t<span class=\"wd-icon\"><\/span>\n\t\t\t\t\t\t\t\t\t\t\t<\/a>\n\t\t\t\t\n\t\t\t\t\n\t\t\t\t\t\t\t\t\t<a rel=\"noopener noreferrer nofollow\" href=\"https:\/\/www.linkedin.com\/shareArticle?mini=true&url=https:\/\/avenyazilim.com\/ezzecevre\/portfolio\/acil-durum-eylem-plani-cizimi\/\" target=\"_blank\" class=\" wd-social-icon social-linkedin\" aria-label=\"Linkedin social link\">\n\t\t\t\t\t\t<span class=\"wd-icon\"><\/span>\n\t\t\t\t\t\t\t\t\t\t\t<\/a>\n\t\t\t\t\n\t\t\t\t\n\t\t\t\t\n\t\t\t\t\n\t\t\t\t\n\t\t\t\t\n\t\t\t\t\n\t\t\t\t\n\t\t\t\t\n\t\t\t\t\n\t\t\t\t\t\t\t\t\n\t\t\t\t\t\t\t\t\n\t\t\t\t\n\t\t\t\t\n\t\t\t\t\n\t\t\t\t\t\t\t\t\t<a rel=\"noopener noreferrer nofollow\" href=\"https:\/\/telegram.me\/share\/url?url=https:\/\/avenyazilim.com\/ezzecevre\/portfolio\/acil-durum-eylem-plani-cizimi\/\" target=\"_blank\" class=\" wd-social-icon social-tg\" aria-label=\"Telegram social link\">\n\t\t\t\t\t\t<span class=\"wd-icon\"><\/span>\n\t\t\t\t\t\t\t\t\t\t\t<\/a>\n\t\t\t\t\t\t\t\t\n\t\t\t\t\n\t\t\t<\/div>\n\n\t\t\t\t\t\t\t\t\t<\/div>\n\t\t\t\t\t\t<\/div>\n\t\t\t\t\t\t\t\t\t<\/div>\n\t\t\t<\/figure>\n\t\t\n\t\t<div class=\"portfolio-info color-scheme-light\">\n\t\t\t\t\t\t\t<div class=\"wrap-meta\">\n\t\t\t\t\t<ul class=\"proj-cats-list\">\n\t\t\t\t\t\t\t\t\t\t\t\t\t\t\t\t\t\t\t\t<li>\u0130SG Dan\u0131\u015fmanl\u0131k<\/li>\n\t\t\t\t\t\t\t\t\t\t\t<\/ul>\n\t\t\t\t<\/div>\n\t\t\t\n\t\t\t<div class=\"wrap-title\">\n\t\t\t\t<h3 class=\"wd-entities-title\">\n\t\t\t\t\t<a href=\"https:\/\/avenyazilim.com\/ezzecevre\/portfolio\/acil-durum-eylem-plani-cizimi\/\" rel=\"bookmark\">Acil Durum Eylem Plan\u0131 \u00c7izimi<\/a>\n\t\t\t\t<\/h3>\n\t\t\t<\/div>\n\t\t<\/div>\n\t<\/header>\n<\/article>\n\n<article id=\"post-9549\" class=\"wd-project portfolio-entry wd-col masonry-item portfolio-hover proj-cat-isg-danismanlik post-9549 portfolio type-portfolio status-publish has-post-thumbnail hentry project-cat-isg-danismanlik\">\n\t<header class=\"entry-header\">\n\t\t\t\t\t<figure class=\"entry-thumbnail color-scheme-light\">\n\t\t\t\t<a href=\"https:\/\/avenyazilim.com\/ezzecevre\/portfolio\/isg-danismanlik\/\" class=\"portfolio-thumbnail\">\n\t\t\t\t\t<img loading=\"lazy\" decoding=\"async\" width=\"450\" height=\"800\" src=\"https:\/\/avenyazilim.com\/ezzecevre\/wp-content\/uploads\/2025\/09\/Adsiz-tasarim-12-450x800.jpg\" class=\"attachment-large size-large\" alt=\"\" srcset=\"https:\/\/avenyazilim.com\/ezzecevre\/wp-content\/uploads\/2025\/09\/Adsiz-tasarim-12-450x800.jpg 450w, https:\/\/avenyazilim.com\/ezzecevre\/wp-content\/uploads\/2025\/09\/Adsiz-tasarim-12-169x300.jpg 169w, https:\/\/avenyazilim.com\/ezzecevre\/wp-content\/uploads\/2025\/09\/Adsiz-tasarim-12-768x1365.jpg 768w, https:\/\/avenyazilim.com\/ezzecevre\/wp-content\/uploads\/2025\/09\/Adsiz-tasarim-12-864x1536.jpg 864w, https:\/\/avenyazilim.com\/ezzecevre\/wp-content\/uploads\/2025\/09\/Adsiz-tasarim-12-430x764.jpg 430w, https:\/\/avenyazilim.com\/ezzecevre\/wp-content\/uploads\/2025\/09\/Adsiz-tasarim-12-700x1244.jpg 700w, https:\/\/avenyazilim.com\/ezzecevre\/wp-content\/uploads\/2025\/09\/Adsiz-tasarim-12-150x267.jpg 150w, https:\/\/avenyazilim.com\/ezzecevre\/wp-content\/uploads\/2025\/09\/Adsiz-tasarim-12.jpg 1080w\" sizes=\"auto, (max-width: 450px) 100vw, 450px\" \/>\t\t\t\t<\/a>\n\t\t\t\t<div class=\"wd-portfolio-btns\">\n\t\t\t\t\t<div class=\"portfolio-enlarge wd-action-btn wd-style-icon wd-enlarge-icon wd-tltp wd-tltp-left\">\n\t\t\t\t\t\t<a href=\"https:\/\/avenyazilim.com\/ezzecevre\/wp-content\/uploads\/2025\/09\/Adsiz-tasarim-12.jpg\" data-elementor-open-lightbox=\"no\">View Large<\/a>\n\t\t\t\t\t<\/div>\n\t\t\t\t\t\t\t\t\t\t\t<div class=\"social-icons-wrapper wd-action-btn wd-style-icon wd-share-icon wd-tltp wd-tltp-left\">\n\t\t\t\t\t\t\t<a><\/a>\n\t\t\t\t\t\t\t<div class=\"wd-tooltip-label\">\n\t\t\t\t\t\t\t\t\n\t\t\t<div class=\" wd-social-icons  icons-design-default icons-size-small color-scheme-light social-share social-form-circle text-center\">\n\n\t\t\t\t\n\t\t\t\t\t\t\t\t\t<a rel=\"noopener noreferrer nofollow\" href=\"https:\/\/www.facebook.com\/sharer\/sharer.php?u=https:\/\/avenyazilim.com\/ezzecevre\/portfolio\/isg-danismanlik\/\" target=\"_blank\" class=\" wd-social-icon social-facebook\" aria-label=\"Facebook social link\">\n\t\t\t\t\t\t<span class=\"wd-icon\"><\/span>\n\t\t\t\t\t\t\t\t\t\t\t<\/a>\n\t\t\t\t\n\t\t\t\t\t\t\t\t\t<a rel=\"noopener noreferrer nofollow\" href=\"https:\/\/x.com\/share?url=https:\/\/avenyazilim.com\/ezzecevre\/portfolio\/isg-danismanlik\/\" target=\"_blank\" class=\" wd-social-icon social-twitter\" aria-label=\"X social link\">\n\t\t\t\t\t\t<span class=\"wd-icon\"><\/span>\n\t\t\t\t\t\t\t\t\t\t\t<\/a>\n\t\t\t\t\n\t\t\t\t\n\t\t\t\t\n\t\t\t\t\n\t\t\t\t\t\t\t\t\t<a rel=\"noopener noreferrer nofollow\" href=\"https:\/\/pinterest.com\/pin\/create\/button\/?url=https:\/\/avenyazilim.com\/ezzecevre\/portfolio\/isg-danismanlik\/&media=https:\/\/avenyazilim.com\/ezzecevre\/wp-content\/uploads\/2025\/09\/Adsiz-tasarim-12.jpg&description=%C4%B0SG+Dan%C4%B1%C5%9Fmanl%C4%B1k\" target=\"_blank\" class=\" wd-social-icon social-pinterest\" aria-label=\"Pinterest social link\">\n\t\t\t\t\t\t<span class=\"wd-icon\"><\/span>\n\t\t\t\t\t\t\t\t\t\t\t<\/a>\n\t\t\t\t\n\t\t\t\t\n\t\t\t\t\t\t\t\t\t<a rel=\"noopener noreferrer nofollow\" href=\"https:\/\/www.linkedin.com\/shareArticle?mini=true&url=https:\/\/avenyazilim.com\/ezzecevre\/portfolio\/isg-danismanlik\/\" target=\"_blank\" class=\" wd-social-icon social-linkedin\" aria-label=\"Linkedin social link\">\n\t\t\t\t\t\t<span class=\"wd-icon\"><\/span>\n\t\t\t\t\t\t\t\t\t\t\t<\/a>\n\t\t\t\t\n\t\t\t\t\n\t\t\t\t\n\t\t\t\t\n\t\t\t\t\n\t\t\t\t\n\t\t\t\t\n\t\t\t\t\n\t\t\t\t\n\t\t\t\t\n\t\t\t\t\t\t\t\t\n\t\t\t\t\t\t\t\t\n\t\t\t\t\n\t\t\t\t\n\t\t\t\t\n\t\t\t\t\t\t\t\t\t<a rel=\"noopener noreferrer nofollow\" href=\"https:\/\/telegram.me\/share\/url?url=https:\/\/avenyazilim.com\/ezzecevre\/portfolio\/isg-danismanlik\/\" target=\"_blank\" class=\" wd-social-icon social-tg\" aria-label=\"Telegram social link\">\n\t\t\t\t\t\t<span class=\"wd-icon\"><\/span>\n\t\t\t\t\t\t\t\t\t\t\t<\/a>\n\t\t\t\t\t\t\t\t\n\t\t\t\t\n\t\t\t<\/div>\n\n\t\t\t\t\t\t\t\t\t<\/div>\n\t\t\t\t\t\t<\/div>\n\t\t\t\t\t\t\t\t\t<\/div>\n\t\t\t<\/figure>\n\t\t\n\t\t<div class=\"portfolio-info color-scheme-light\">\n\t\t\t\t\t\t\t<div class=\"wrap-meta\">\n\t\t\t\t\t<ul class=\"proj-cats-list\">\n\t\t\t\t\t\t\t\t\t\t\t\t\t\t\t\t\t\t\t\t<li>\u0130SG Dan\u0131\u015fmanl\u0131k<\/li>\n\t\t\t\t\t\t\t\t\t\t\t<\/ul>\n\t\t\t\t<\/div>\n\t\t\t\n\t\t\t<div class=\"wrap-title\">\n\t\t\t\t<h3 class=\"wd-entities-title\">\n\t\t\t\t\t<a href=\"https:\/\/avenyazilim.com\/ezzecevre\/portfolio\/isg-danismanlik\/\" rel=\"bookmark\">\u0130SG Dan\u0131\u015fmanl\u0131k<\/a>\n\t\t\t\t<\/h3>\n\t\t\t<\/div>\n\t\t<\/div>\n\t<\/header>\n<\/article>\n\n\t\t\t\t\t\t\t\t<\/div>\n\t\t\t\t\t\t\t\t\t<\/div>\n\t\t\t\n\t\t\t\t[\/vc_column][\/vc_row]<\/p>\n<\/div>","protected":false},"excerpt":{"rendered":"<p>[vc_row css=&#8221;.vc_custom_1757431160145{margin-top: 60px !important;margin-bottom: 60px !important;}&#8221; woodmart_css_id=&#8221;68c04565a0c0d&#8221; responsive_spacing=&#8221;eyJwYXJhbV90eXBlIjoid29vZG1hcnRfcmVzcG9uc2l2ZV9zcGFjaW5nIiwic2VsZWN0b3JfaWQiOiI2OGMwNDU2NWEwYzBkIiwic2hvcnRjb2RlIjoidmNfcm93IiwiZGF0YSI6eyJ0YWJsZXQiOnt9LCJtb2JpbGUiOnt9fX0=&#8221; mobile_bg_img_hidden=&#8221;no&#8221; tablet_bg_img_hidden=&#8221;no&#8221; woodmart_parallax=&#8221;0&#8243; woodmart_gradient_switch=&#8221;no&#8221; woodmart_box_shadow=&#8221;no&#8221; wd_z_index=&#8221;no&#8221; woodmart_disable_overflow=&#8221;0&#8243; row_reverse_mobile=&#8221;0&#8243; row_reverse_tablet=&#8221;0&#8243;][vc_column][\/vc_column][\/vc_row]<\/p>\n","protected":false},"author":1,"featured_media":0,"parent":0,"menu_order":0,"comment_status":"closed","ping_status":"closed","template":"","meta":{"footnotes":""},"class_list":["post-9698","page","type-page","status-publish","hentry"],"_links":{"self":[{"href":"https:\/\/avenyazilim.com\/ezzecevre\/wp-json\/wp\/v2\/pages\/9698","targetHints":{"allow":["GET"]}}],"collection":[{"href":"https:\/\/avenyazilim.com\/ezzecevre\/wp-json\/wp\/v2\/pages"}],"about":[{"href":"https:\/\/avenyazilim.com\/ezzecevre\/wp-json\/wp\/v2\/types\/page"}],"author":[{"embeddable":true,"href":"https:\/\/avenyazilim.com\/ezzecevre\/wp-json\/wp\/v2\/users\/1"}],"replies":[{"embeddable":true,"href":"https:\/\/avenyazilim.com\/ezzecevre\/wp-json\/wp\/v2\/comments?post=9698"}],"version-history":[{"count":1,"href":"https:\/\/avenyazilim.com\/ezzecevre\/wp-json\/wp\/v2\/pages\/9698\/revisions"}],"predecessor-version":[{"id":9699,"href":"https:\/\/avenyazilim.com\/ezzecevre\/wp-json\/wp\/v2\/pages\/9698\/revisions\/9699"}],"wp:attachment":[{"href":"https:\/\/avenyazilim.com\/ezzecevre\/wp-json\/wp\/v2\/media?parent=9698"}],"curies":[{"name":"wp","href":"https:\/\/api.w.org\/{rel}","templated":true}]}}