{"id":5288,"date":"2021-08-25T09:00:10","date_gmt":"2021-08-25T09:00:10","guid":{"rendered":"http:\/\/dummy.xtemos.com\/woodmart2\/?page_id=5288"},"modified":"2025-09-17T12:32:23","modified_gmt":"2025-09-17T12:32:23","slug":"iletisim","status":"publish","type":"page","link":"https:\/\/avenyazilim.com\/ezzecevre\/iletisim\/","title":{"rendered":"\u0130leti\u015fim"},"content":{"rendered":"<div class=\"wpb-content-wrapper\"><p>[vc_row css=&#8221;.vc_custom_1757513596432{margin-bottom: 60px !important;}&#8221; wd_z_index=&#8221;no&#8221; woodmart_css_id=&#8221;68c1876d02717&#8243; responsive_spacing=&#8221;eyJwYXJhbV90eXBlIjoid29vZG1hcnRfcmVzcG9uc2l2ZV9zcGFjaW5nIiwic2VsZWN0b3JfaWQiOiI2OGMxODc2ZDAyNzE3Iiwic2hvcnRjb2RlIjoidmNfcm93IiwiZGF0YSI6eyJ0YWJsZXQiOnt9LCJtb2JpbGUiOnsibWFyZ2luLWJvdHRvbSI6IjYwcHgifX19&#8243; mobile_bg_img_hidden=&#8221;no&#8221; tablet_bg_img_hidden=&#8221;no&#8221; woodmart_parallax=&#8221;0&#8243; woodmart_gradient_switch=&#8221;no&#8221; row_reverse_mobile=&#8221;0&#8243; row_reverse_tablet=&#8221;0&#8243; woodmart_disable_overflow=&#8221;0&#8243; woodmart_box_shadow=&#8221;no&#8221;][vc_column]\n\t\t<div id=\"wd-68c1879c05169\" class=\"title-wrapper wd-wpb set-mb-s reset-last-child  wd-rs-68c1879c05169 wd-title-color-default wd-title-style-default text-center vc_custom_1757513704038 wd-width-custom wd-underline-colored\">\n\t\t\t\n\t\t\t<div class=\"liner-continer\">\n\t\t\t\t<h4 class=\"woodmart-title-container title  wd-font-weight- wd-fontsize-xxl\" >Akl\u0131n\u0131za tak\u0131lan t\u00fcm sorulara cevap almak i\u00e7in, Bizimle <u>Whatsapp<\/u> \u00fczerinden ileti\u015fime ge\u00e7ebilirsiniz.<\/h4>\n\t\t\t\t\t\t\t<\/div>\n\t\t\t\n\t\t\t\n\t\t\t\n\t\t<\/div>\n\t\t\n\t\t\t\t<div id=\"wd-68c188f792547\" class=\"wd-text-block wd-wpb reset-last-child wd-rs-68c188f792547 text-center wd-width-custom wd-fontsize-custom vc_custom_1757513976781\">\n\t\t\t<p>Whatsapp \u00fczerinden\u00a0 ileti\u015fime ge\u00e7erek toplant\u0131 organize edebilir ve detayl\u0131 bilgi alabilirsiniz.<\/p>\n<p><span style=\"color: #212121;\">Haftan\u0131n Her G\u00fcn\u00fc<strong> 09:00 &#8211; 21:00 <\/strong>saatleri aras\u0131<\/span><\/p>\n\t\t<\/div>\n\t\t<div id=\"wd-68caa7b04f21c\" class=\" wd-rs-68caa7b04f21c  wd-button-wrapper text-center\"><a href=\"https:\/\/wa.me\/905389374995\" title=\"\" target=\"_blank\" class=\"btn btn-color-primary btn-style-default btn-style-semi-round btn-size-large btn-icon-pos-left\">Whatsapp Hatt\u0131<span class=\"wd-btn-icon\"><span class=\"wd-icon fa fa-brands fa-whatsapp\"><\/span><\/span><\/a><\/div>[vc_empty_space height=&#8221;20&#8243;]\n\t\t\t<div class=\" wd-social-icons  icons-design-bordered icons-size-small color-scheme-dark social-share social-form-circle text-center\">\n\n\t\t\t\t\n\t\t\t\t\t\t\t\t\t<a rel=\"noopener noreferrer nofollow\" href=\"https:\/\/www.facebook.com\/sharer\/sharer.php?u=https:\/\/avenyazilim.com\/ezzecevre\/iletisim\/\" target=\"_blank\" class=\" wd-social-icon social-facebook\" aria-label=\"Facebook social link\">\n\t\t\t\t\t\t<span class=\"wd-icon\"><\/span>\n\t\t\t\t\t\t\t\t\t\t\t<\/a>\n\t\t\t\t\n\t\t\t\t\t\t\t\t\t<a rel=\"noopener noreferrer nofollow\" href=\"https:\/\/x.com\/share?url=https:\/\/avenyazilim.com\/ezzecevre\/iletisim\/\" target=\"_blank\" class=\" wd-social-icon social-twitter\" aria-label=\"X social link\">\n\t\t\t\t\t\t<span class=\"wd-icon\"><\/span>\n\t\t\t\t\t\t\t\t\t\t\t<\/a>\n\t\t\t\t\n\t\t\t\t\n\t\t\t\t\n\t\t\t\t\n\t\t\t\t\t\t\t\t\t<a rel=\"noopener noreferrer nofollow\" href=\"https:\/\/pinterest.com\/pin\/create\/button\/?url=https:\/\/avenyazilim.com\/ezzecevre\/iletisim\/&media=https:\/\/avenyazilim.com\/ezzecevre\/wp-includes\/images\/media\/default.svg&description=%C4%B0leti%C5%9Fim\" target=\"_blank\" class=\" wd-social-icon social-pinterest\" aria-label=\"Pinterest social link\">\n\t\t\t\t\t\t<span class=\"wd-icon\"><\/span>\n\t\t\t\t\t\t\t\t\t\t\t<\/a>\n\t\t\t\t\n\t\t\t\t\n\t\t\t\t\t\t\t\t\t<a rel=\"noopener noreferrer nofollow\" href=\"https:\/\/www.linkedin.com\/shareArticle?mini=true&url=https:\/\/avenyazilim.com\/ezzecevre\/iletisim\/\" target=\"_blank\" class=\" wd-social-icon social-linkedin\" aria-label=\"Linkedin social link\">\n\t\t\t\t\t\t<span class=\"wd-icon\"><\/span>\n\t\t\t\t\t\t\t\t\t\t\t<\/a>\n\t\t\t\t\n\t\t\t\t\n\t\t\t\t\n\t\t\t\t\n\t\t\t\t\n\t\t\t\t\n\t\t\t\t\n\t\t\t\t\n\t\t\t\t\n\t\t\t\t\n\t\t\t\t\t\t\t\t\n\t\t\t\t\t\t\t\t\n\t\t\t\t\n\t\t\t\t\n\t\t\t\t\n\t\t\t\t\t\t\t\t\t<a rel=\"noopener noreferrer nofollow\" href=\"https:\/\/telegram.me\/share\/url?url=https:\/\/avenyazilim.com\/ezzecevre\/iletisim\/\" target=\"_blank\" class=\" wd-social-icon social-tg\" aria-label=\"Telegram social link\">\n\t\t\t\t\t\t<span class=\"wd-icon\"><\/span>\n\t\t\t\t\t\t\t\t\t\t\t<\/a>\n\t\t\t\t\t\t\t\t\n\t\t\t\t\n\t\t\t<\/div>\n\n\t\t[vc_row_inner css=&#8221;.vc_custom_1758112308743{margin-top: 30px !important;}&#8221; woodmart_css_id=&#8221;68caaa30d30c9&#8243; responsive_spacing=&#8221;eyJwYXJhbV90eXBlIjoid29vZG1hcnRfcmVzcG9uc2l2ZV9zcGFjaW5nIiwic2VsZWN0b3JfaWQiOiI2OGNhYWEzMGQzMGM5Iiwic2hvcnRjb2RlIjoidmNfcm93X2lubmVyIiwiZGF0YSI6eyJ0YWJsZXQiOnt9LCJtb2JpbGUiOnt9fX0=&#8221; mobile_bg_img_hidden=&#8221;no&#8221; tablet_bg_img_hidden=&#8221;no&#8221; woodmart_parallax=&#8221;0&#8243; woodmart_gradient_switch=&#8221;no&#8221; woodmart_box_shadow=&#8221;no&#8221; wd_z_index=&#8221;no&#8221; woodmart_disable_overflow=&#8221;0&#8243; row_reverse_mobile=&#8221;0&#8243; row_reverse_tablet=&#8221;0&#8243;][vc_column_inner width=&#8221;1\/2&#8243;]<div id=\"wd-68caaa405b37c\" class=\" wd-rs-68caaa405b37c  wd-button-wrapper text-right\"><a href=\"tel:+905389374995\" title=\"\" class=\"btn btn-color-default btn-style-default btn-style-semi-round btn-size-extra-large btn-icon-pos-left\">+90 538 937 4995<span class=\"wd-btn-icon\"><span class=\"wd-icon fa fa-solid fa-mobile\"><\/span><\/span><\/a><\/div>[\/vc_column_inner][vc_column_inner width=&#8221;1\/2&#8243;]<div id=\"wd-68caaa485464f\" class=\" wd-rs-68caaa485464f  wd-button-wrapper text-left\"><a href=\"tel:+905330479097\" title=\"\" class=\"btn btn-color-default btn-style-default btn-style-semi-round btn-size-extra-large btn-icon-pos-left\">+90 533 047 9097 <span class=\"wd-btn-icon\"><span class=\"wd-icon fa fa-solid fa-mobile\"><\/span><\/span><\/a><\/div>[\/vc_column_inner][\/vc_row_inner][\/vc_column][\/vc_row][vc_row full_width=&#8221;stretch_row_content_no_spaces&#8221; css_animation=&#8221;none&#8221; css=&#8221;.vc_custom_1757513575003{margin-bottom: -40px !important;}&#8221; woodmart_css_id=&#8221;68c18755d8952&#8243; responsive_spacing=&#8221;eyJwYXJhbV90eXBlIjoid29vZG1hcnRfcmVzcG9uc2l2ZV9zcGFjaW5nIiwic2VsZWN0b3JfaWQiOiI2OGMxODc1NWQ4OTUyIiwic2hvcnRjb2RlIjoidmNfcm93IiwiZGF0YSI6eyJ0YWJsZXQiOnsibWFyZ2luLWJvdHRvbSI6Ii00MHB4In0sIm1vYmlsZSI6eyJtYXJnaW4tYm90dG9tIjoiLTQwcHgifX19&#8243; mobile_bg_img_hidden=&#8221;no&#8221; tablet_bg_img_hidden=&#8221;no&#8221; woodmart_parallax=&#8221;0&#8243; woodmart_gradient_switch=&#8221;no&#8221; woodmart_box_shadow=&#8221;no&#8221; wd_z_index=&#8221;no&#8221; woodmart_disable_overflow=&#8221;0&#8243; row_reverse_mobile=&#8221;0&#8243; row_reverse_tablet=&#8221;0&#8243;][vc_column]\t\t\t<div class=\"google-map-container wd-map-container   map-container-with-content wd-rs-68caa8756f60c\"  data-map-args='{\"multiple_markers\":\"no\",\"latitude\":\"40.102378\",\"longitude\":\"29.5153657\",\"zoom\":\"15\",\"mouse_zoom\":\"no\",\"init_type\":\"page_load\",\"init_offset\":\"100\",\"elementor\":false,\"json_style\":\"[{\\\"featureType\\\":\\\"landscape.man_made\\\",\\\"elementType\\\":\\\"all\\\",\\\"stylers\\\":[{\\\"color\\\":\\\"#faf5ed\\\"},{\\\"lightness\\\":\\\"0\\\"},{\\\"gamma\\\":\\\"1\\\"}]},{\\\"featureType\\\":\\\"poi.park\\\",\\\"elementType\\\":\\\"geometry.fill\\\",\\\"stylers\\\":[{\\\"color\\\":\\\"#bae5a6\\\"}]},{\\\"featureType\\\":\\\"road\\\",\\\"elementType\\\":\\\"all\\\",\\\"stylers\\\":[{\\\"weight\\\":\\\"1.00\\\"},{\\\"gamma\\\":\\\"1.8\\\"},{\\\"saturation\\\":\\\"0\\\"}]},{\\\"featureType\\\":\\\"road\\\",\\\"elementType\\\":\\\"geometry.fill\\\",\\\"stylers\\\":[{\\\"hue\\\":\\\"#ffb200\\\"}]},{\\\"featureType\\\":\\\"road.arterial\\\",\\\"elementType\\\":\\\"geometry.fill\\\",\\\"stylers\\\":[{\\\"lightness\\\":\\\"0\\\"},{\\\"gamma\\\":\\\"1\\\"}]},{\\\"featureType\\\":\\\"transit.station.airport\\\",\\\"elementType\\\":\\\"all\\\",\\\"stylers\\\":[{\\\"hue\\\":\\\"#b000ff\\\"},{\\\"saturation\\\":\\\"23\\\"},{\\\"lightness\\\":\\\"-4\\\"},{\\\"gamma\\\":\\\"0.80\\\"}]},{\\\"featureType\\\":\\\"water\\\",\\\"elementType\\\":\\\"all\\\",\\\"stylers\\\":[{\\\"color\\\":\\\"#a0daf2\\\"}]}]\",\"marker_icon\":\"https:\\\/\\\/avenyazilim.com\\\/ezzecevre\\\/wp-content\\\/themes\\\/woodmart\\\/inc\\\/admin\\\/assets\\\/images\\\/google-icon.png\",\"marker_icon_size\":\"\",\"marker_text_needed\":\"no\",\"marker_text\":\"<h3 style=\\\"min-width:300px; text-align:center; margin:15px;\\\"><\\\/h3>\",\"selector\":\"wd-map-id-69e9ecee3167c\",\"markers\":\"\",\"center\":\"\"}'>\n\n\t\t\t\t\n\t\t\t\t\n\t\t\t\t<div class=\"wd-google-map-wrapper wd-map-wrapper wd-fill\">\n\t\t\t\t\t<div id=\"wd-map-id-69e9ecee3167c\" class=\"wd-google-map without-content wd-fill\"><\/div>\n\t\t\t\t<\/div>\n\n\t\t\t\t\t\t\t\t\t<div class=\"wd-google-map-content-wrap wd-map-content-wrap container wd-items-middle wd-justify-left\">\n\t\t\t\t\t\t<div class=\"wd-google-map-content wd-map-content reset-last-child\" style=\"max-width: 340px;\">\n\t\t\t\t\t\t\t\t\t\t<div class=\"info-box-wrapper\">\n\t\t\t\t<div id=\"wd-68caa8ce721d3\" class=\" wd-rs-68caa8ce721d3 wd-info-box wd-wpb text-left box-icon-align-left box-style- color-scheme- wd-bg-none wd-items-top with-btn box-btn-static vc_custom_1758111969407\">\n\t\t\t\t\t\t\t\t\t\t<div class=\"info-box-content\">\n\t\t\t\t\t\t<div class=\"info-box-subtitle subtitle-color-default wd-fontsize-xs subtitle-style-default\">Ofis Adresi<\/div><h4 class=\"info-box-title title box-title-style-default wd-fontsize-m\">Ezze Dan\u0131\u015fmanl\u0131k<\/h4>\t\t\t\t\t\t<div class=\"info-box-inner set-cont-mb-s reset-last-child\"><p>Ertu\u011frulgazi Mah.<\/p>\n<p>Alanyurt Cad.<\/p>\n<p>No:112-114<\/p>\n<p>G\u00fczel \u0130\u015f Merkezi<\/p>\n<p><strong>\u0130neg\u00f6l \/ BURSA<\/strong><\/p>\n<\/div>\n\n\t\t\t\t\t\t<div class=\"info-btn-wrapper\"><div id=\"wd-69e9ecee318e7\" class=\"  wd-button-wrapper text-left\"><a href=\"https:\/\/www.google.com\/maps\/dir\/\/G%C3%BCzel+Karde%C5%9Fler+%C4%B0%C5%9F+Merkezi,+Ertu%C4%9Frulgazi,+Alanyurt+caddesi+no:112%2F114,+16400+%C4%B0neg%C3%B6l%2FBursa\/@40.102378,29.5153657,18.25z\/data=!4m8!4m7!1m0!1m5!1m1!1s0x14cbc9a4cf4d9289:0xde9d3fe92c89c2ae!2m2!1d29.5158266!2d40.1028061?entry=ttu&g_ep=EgoyMDI1MDkxNC4wIKXMDSoASAFQAw%3D%3D\" title=\"\" target=\"_blank\" class=\"btn btn-color-primary btn-style-default btn-style-semi-round btn-size-default btn-icon-pos-left\">Yol Tarifi Al<span class=\"wd-btn-icon\"><span class=\"wd-icon fa fa-solid fa-map-location-dot\"><\/span><\/span><\/a><\/div><\/div>\t\t\t\t\t<\/div>\n\n\t\t\t\t\t\n\t\t\t\t\t\t\t\t\t<\/div>\n\t\t\t<\/div>\n\t\t\t\t\t\t\t\t<\/div>\n\t\t\t\t\t<\/div>\n\t\t\t\t\t\t\t<\/div>\n\t\t[\/vc_column][\/vc_row]<\/p>\n<\/div>","protected":false},"excerpt":{"rendered":"<p>[vc_row css=&#8221;.vc_custom_1757513596432{margin-bottom: 60px !important;}&#8221; wd_z_index=&#8221;no&#8221; woodmart_css_id=&#8221;68c1876d02717&#8243; responsive_spacing=&#8221;eyJwYXJhbV90eXBlIjoid29vZG1hcnRfcmVzcG9uc2l2ZV9zcGFjaW5nIiwic2VsZWN0b3JfaWQiOiI2OGMxODc2ZDAyNzE3Iiwic2hvcnRjb2RlIjoidmNfcm93IiwiZGF0YSI6eyJ0YWJsZXQiOnt9LCJtb2JpbGUiOnsibWFyZ2luLWJvdHRvbSI6IjYwcHgifX19&#8243; mobile_bg_img_hidden=&#8221;no&#8221; tablet_bg_img_hidden=&#8221;no&#8221; woodmart_parallax=&#8221;0&#8243; woodmart_gradient_switch=&#8221;no&#8221; row_reverse_mobile=&#8221;0&#8243; row_reverse_tablet=&#8221;0&#8243; woodmart_disable_overflow=&#8221;0&#8243; woodmart_box_shadow=&#8221;no&#8221;][vc_column][vc_empty_space height=&#8221;20&#8243;][vc_row_inner css=&#8221;.vc_custom_1758112308743{margin-top: 30px !important;}&#8221; woodmart_css_id=&#8221;68caaa30d30c9&#8243;<\/p>\n","protected":false},"author":1,"featured_media":0,"parent":0,"menu_order":0,"comment_status":"closed","ping_status":"closed","template":"","meta":{"footnotes":""},"class_list":["post-5288","page","type-page","status-publish","hentry"],"_links":{"self":[{"href":"https:\/\/avenyazilim.com\/ezzecevre\/wp-json\/wp\/v2\/pages\/5288","targetHints":{"allow":["GET"]}}],"collection":[{"href":"https:\/\/avenyazilim.com\/ezzecevre\/wp-json\/wp\/v2\/pages"}],"about":[{"href":"https:\/\/avenyazilim.com\/ezzecevre\/wp-json\/wp\/v2\/types\/page"}],"author":[{"embeddable":true,"href":"https:\/\/avenyazilim.com\/ezzecevre\/wp-json\/wp\/v2\/users\/1"}],"replies":[{"embeddable":true,"href":"https:\/\/avenyazilim.com\/ezzecevre\/wp-json\/wp\/v2\/comments?post=5288"}],"version-history":[{"count":11,"href":"https:\/\/avenyazilim.com\/ezzecevre\/wp-json\/wp\/v2\/pages\/5288\/revisions"}],"predecessor-version":[{"id":9868,"href":"https:\/\/avenyazilim.com\/ezzecevre\/wp-json\/wp\/v2\/pages\/5288\/revisions\/9868"}],"wp:attachment":[{"href":"https:\/\/avenyazilim.com\/ezzecevre\/wp-json\/wp\/v2\/media?parent=5288"}],"curies":[{"name":"wp","href":"https:\/\/api.w.org\/{rel}","templated":true}]}}