{"id":1271,"date":"2021-07-26T15:51:21","date_gmt":"2021-07-26T15:51:21","guid":{"rendered":"http:\/\/dummy.xtemos.com\/woodmart2\/?page_id=1271"},"modified":"2025-10-23T13:54:31","modified_gmt":"2025-10-23T13:54:31","slug":"home-minimalism","status":"publish","type":"page","link":"https:\/\/avenyazilim.com\/alpino\/","title":{"rendered":"Home Minimalism"},"content":{"rendered":"<div class=\"wpb-content-wrapper\"><div class=\"vc_row wpb_row vc_row-fluid vc_custom_1761227333585 wd-rs-68fa324013edd\"><div class=\"wpb_column vc_column_container vc_col-sm-12 wd-rs-68fa322a6eecb\"><div class=\"vc_column-inner vc_custom_1761227309878\"><div class=\"wpb_wrapper\">\n\t\t\t\t<p class=\"rs-p-wp-fix\"><\/p>\n\t\t\t\t<sr7-module data-alias=\"slider-1\" data-id=\"1\" id=\"SR7_1_1\" class=\"rs-ov-hidden\" data-version=\"6.7.24\">\n\t\t\t\t\t<sr7-adjuster><\/sr7-adjuster>\n\t\t\t\t\t<sr7-content>\n\t\t\t\t\t\t<sr7-slide id=\"SR7_1_1-1\" data-key=\"1\">\n\t\t\t\t\t\t\t<sr7-bg id=\"SR7_1_1-1-16\" class=\"sr7-layer\"><noscript><img decoding=\"async\" src=\"https:\/\/avenyazilim.com\/alpino\/wp-content\/uploads\/2025\/10\/Adsiz-tasarim-55.jpg\" alt=\"\" title=\"Ads\u0131z tasar\u0131m (55)\"><\/noscript><\/sr7-bg>\n\t\t\t\t\t\t\t<sr7-txt id=\"SR7_1_1-1-14\" class=\"sr7-layer\">REN<\/sr7-txt>\n\t\t\t\t\t\t\t<sr7-txt id=\"SR7_1_1-1-15\" class=\"sr7-layer\">Yatak Odas\u0131<\/sr7-txt>\n\t\t\t\t\t\t<\/sr7-slide>\n\t\t\t\t\t\t<sr7-slide id=\"SR7_1_1-4\" data-key=\"4\">\n\t\t\t\t\t\t\t<sr7-bg id=\"SR7_1_1-4-18\" class=\"sr7-layer\"><noscript><img decoding=\"async\" src=\"https:\/\/avenyazilim.com\/alpino\/wp-content\/uploads\/2025\/10\/Adsiz-tasarim-57.jpg\" alt=\"\" title=\"Ads\u0131z tasar\u0131m (57)\"><\/noscript><\/sr7-bg>\n\t\t\t\t\t\t\t<sr7-txt id=\"SR7_1_1-4-16\" class=\"sr7-layer\">R\u0130XOS<\/sr7-txt>\n\t\t\t\t\t\t\t<sr7-txt id=\"SR7_1_1-4-17\" class=\"sr7-layer\">Koltuk Tak\u0131m\u0131<\/sr7-txt>\n\t\t\t\t\t\t<\/sr7-slide>\n\t\t\t\t\t\t<sr7-slide id=\"SR7_1_1-5\" data-key=\"5\">\n\t\t\t\t\t\t\t<sr7-bg id=\"SR7_1_1-5-20\" class=\"sr7-layer\"><noscript><img decoding=\"async\" src=\"https:\/\/avenyazilim.com\/alpino\/wp-content\/uploads\/2025\/10\/Adsiz-tasarim-56.jpg\" alt=\"\" title=\"Ads\u0131z tasar\u0131m (56)\"><\/noscript><\/sr7-bg>\n\t\t\t\t\t\t\t<sr7-txt id=\"SR7_1_1-5-18\" class=\"sr7-layer\">DYNAMIC<\/sr7-txt>\n\t\t\t\t\t\t\t<sr7-txt id=\"SR7_1_1-5-19\" class=\"sr7-layer\">Gen\u00e7 Odas\u0131<\/sr7-txt>\n\t\t\t\t\t\t<\/sr7-slide>\n\t\t\t\t\t\t<sr7-slide id=\"SR7_1_1-2\" data-key=\"2\">\n\t\t\t\t\t\t<\/sr7-slide>\n\t\t\t\t\t<\/sr7-content>\n\t\t\t\t\t<image_lists style=\"display:none\">\n\t\t\t\t\t\t<img data-src=\"\/\/avenyazilim.com\/alpino\/wp-content\/uploads\/2025\/10\/Adsiz-tasarim-55.jpg\" data-libid=\"12677\" data-lib=\"medialibrary\" title=\"Ads\u0131z tasar\u0131m (55)\" width=\"0\" height=\"0\" data-dbsrc=\"Ly9hdmVueWF6aWxpbS5jb20vYWxwaW5vL3dwLWNvbnRlbnQvdXBsb2Fkcy8yMDI1LzEwL0Fkc2l6LXRhc2FyaW0tNTUuanBn\"\/>\n\t\t\t\t\t\t<img data-src=\"\/\/avenyazilim.com\/alpino\/wp-content\/uploads\/2025\/10\/Adsiz-tasarim-57.jpg\" data-libid=\"12681\" data-lib=\"medialibrary\" title=\"Ads\u0131z tasar\u0131m (57)\" width=\"0\" height=\"0\" data-dbsrc=\"Ly9hdmVueWF6aWxpbS5jb20vYWxwaW5vL3dwLWNvbnRlbnQvdXBsb2Fkcy8yMDI1LzEwL0Fkc2l6LXRhc2FyaW0tNTcuanBn\"\/>\n\t\t\t\t\t\t<img data-src=\"\/\/avenyazilim.com\/alpino\/wp-content\/uploads\/2025\/10\/Adsiz-tasarim-56.jpg\" data-libid=\"12680\" data-lib=\"medialibrary\" title=\"Ads\u0131z tasar\u0131m (56)\" width=\"0\" height=\"0\" data-dbsrc=\"Ly9hdmVueWF6aWxpbS5jb20vYWxwaW5vL3dwLWNvbnRlbnQvdXBsb2Fkcy8yMDI1LzEwL0Fkc2l6LXRhc2FyaW0tNTYuanBn\"\/>\n\t\t\t\t\t<\/image_lists>\n\t\t\t\t<\/sr7-module>\n\t\t\t\t<script>\n\t\t\t\t\tSR7.PMH ??={}; SR7.PMH[\"SR7_1_1\"] = {cn:100,state:false,fn: function() { if (_tpt!==undefined && _tpt.prepareModuleHeight !== undefined) {  _tpt.prepareModuleHeight({id:\"SR7_1_1\",el:[900,900,768,960,720],type:'standard',shdw:'0',gh:[900,900,743,565,349],gw:[1240,1240,1024,778,480],vpt:['-100px'],size:{fullWidth:true, fullHeight:true},fho:'',mh:'0',onh:0,onw:0,bg:{color:'{\"type\":\"solid\",\"orig\":\"#bfbfbf\",\"string\":\"rgba(191, 191, 191, 1)\"}'},plType:'1',plColor:'#ed1c24'});   SR7.PMH[\"SR7_1_1\"].state=true;} else if(SR7.PMH[\"SR7_1_1\"].cn-->0)\tsetTimeout( SR7.PMH[\"SR7_1_1\"].fn,19);}};SR7.PMH[\"SR7_1_1\" ].fn();\n\t\t\t\t<\/script>\n<\/div><\/div><\/div><\/div><div data-vc-full-width=\"true\" data-vc-full-width-init=\"false\" data-vc-stretch-content=\"true\" class=\"vc_row wpb_row vc_row-fluid vc_custom_1754028993103 vc_column-gap-20 wd-rs-688c5bbb58c11 wd-section-stretch-content\"><div class=\"wpb_column vc_column_container vc_col-sm-12\"><div class=\"vc_column-inner vc_custom_1521449715392\"><div class=\"wpb_wrapper\">\t\t<div id=\"wd-68877cbbd2dbb\" class=\"wd-text-block wd-wpb reset-last-child wd-rs-68877cbbd2dbb hidden-md hidden-sm hidden-xs text-center wd-fontsize-custom font-primary vc_custom_1753709799972\">\n\t\t\t<p><a href=\"https:\/\/avenyazilim.com\/alpino\/wp-content\/uploads\/2025\/07\/alpinp-logo-seffaf.svg\"><img loading=\"lazy\" decoding=\"async\" class=\"alignnone wp-image-9641 \" role=\"img\" src=\"https:\/\/avenyazilim.com\/alpino\/wp-content\/uploads\/2025\/07\/alpinp-logo-seffaf.svg\" alt=\"\" width=\"494\" height=\"102\" \/><\/a><\/p>\n\t\t<\/div>\n\t\t\n\t\t<div id=\"wd-68877d2aa2683\" class=\"title-wrapper wd-wpb set-mb-s reset-last-child  wd-rs-68877d2aa2683 wd-title-color-default wd-title-style-default text-center vc_custom_1753709880403 wd-width-enabled wd-underline-colored\" style=\"--wd-max-width: 40%;\">\n\t\t\t\n\t\t\t<div class=\"liner-continer\">\n\t\t\t\t<h3 class=\"woodmart-title-container title  wd-font-weight-800 wd-fontsize-l\" >KATEGOR\u0130LER<\/h3>\n\t\t\t\t\t\t\t<\/div>\n\t\t\t\n\t\t\t\n\t\t\t\n\t\t<\/div>\n\t\t\n\t\t<\/div><\/div><\/div><\/div><div class=\"vc_row-full-width vc_clearfix\"><\/div><div data-vc-full-width=\"true\" data-vc-full-width-init=\"false\" data-vc-stretch-content=\"true\" class=\"vc_row wpb_row vc_row-fluid vc_custom_1754029023880 vc_column-gap-35 vc_row-no-padding wd-rs-688c5bd58b34c wd-section-stretch-content-no-pd\"><div class=\"wpb_column banner-alpino vc_column_container vc_col-sm-12 wd-rs-688889eecc13f\"><div class=\"vc_column-inner vc_custom_1753778673553\"><div class=\"wpb_wrapper\">\n\t\t<div id=\"wd-6889f01f863a3\" class=\"title-wrapper wd-wpb set-mb-s reset-last-child  wd-rs-6889f01f863a3 wd-title-color-default wd-title-style-default text-center vc_custom_1753870421709 wd-width-enabled wd-underline-colored\" style=\"--wd-max-width: 40%;\">\n\t\t\t\n\t\t\t<div class=\"liner-continer\">\n\t\t\t\t<h3 class=\"woodmart-title-container title  wd-font-weight-800 wd-fontsize-l\" >2025<\/h3>\n\t\t\t\t\t\t\t<\/div>\n\t\t\t\n\t\t\t\t\t\t\t<div class=\"title-after_title  set-cont-mb-s reset-last-child  wd-fontsize-xs\">KOLEKS\u0130YONU<\/div>\n\t\t\t\n\t\t\t\n\t\t<\/div>\n\t\t\n\t\t\n\t\t\t<div id=\"carousel-530\" class=\"wd-carousel-container banners-carousel-wrapper  vc_custom_1753870032286 wd-rs-6889eec5e273c\">\n\t\t\t\t<div class=\"wd-carousel-inner\">\n\t\t\t\t\t<div class=\"wd-carousel wd-grid banners-carousel \" data-wrap=\"yes\" data-center_mode=\"yes\" style=\"--wd-col-lg:3;--wd-col-md:3;--wd-col-sm:1;--wd-gap-lg:30px;--wd-gap-sm:10px;\">\n\t\t\t\t\t\t<div class=\"wd-carousel-wrap\">\n\t\t\t\t\t\t\t\t\t<div class=\"promo-banner-wrapper  wd-rs-6889ee58c4415  wd-carousel-item\">\n\t\t\t<div id=\"wd-6889ee58c4415\" class=\"promo-banner  banner- banner-hover-zoom color-scheme-light banner-btn-size-small banner-btn-style-link banner-increased-padding  with-btn banner-btn-position-hover wd-with-link wd-underline-colored\">\n\t\t\t\t<div class=\"main-wrapp-img\">\n\t\t\t\t\t<div class=\"banner-image wd-bg-position-center\" >\n\t\t\t\t\t\t<img loading=\"lazy\" decoding=\"async\" width=\"600\" height=\"400\" src=\"https:\/\/avenyazilim.com\/alpino\/wp-content\/uploads\/2025\/07\/artani-yemek.jpg\" class=\"attachment-full size-full\" alt=\"\" \/>\t\t\t\t\t<\/div>\n\t\t\t\t<\/div>\n\n\t\t\t\t<div class=\"wrapper-content-banner wd-fill  wd-items-top wd-justify-left\">\n\t\t\t\t\t<div class=\"content-banner  text-left\">\n\t\t\t\t\t\t<h4 class=\"banner-title wd-font-weight-700 wd-fontsize-l\">ARTAN\u0130<\/h4>\t\t\t\t\t\t\t\t\t\t\t\t\t<div class=\"banner-inner set-cont-mb-s reset-last-child \">\n\t\t\t\t\t\t\t\t<p>YEMEK ODASI<\/p>\n\t\t\t\t\t\t\t<\/div>\n\t\t\t\t\t\t\n\t\t\t\t\t\t\n\t\t\t\t\t\t<div class=\"banner-btn-wrapper\"><div id=\"wd-69fcf15ddb2e6\" class=\"  wd-button-wrapper text-left\"><a href=\"#\" title=\"\" class=\"btn btn-color-primary btn-style-link btn-style-rectangle btn-size-small\">Read More<\/a><\/div><\/div>\t\t\t\t\t<\/div>\n\t\t\t\t<\/div>\n\n\t\t\t\t\t\t\t\t\t<a class=\"wd-promo-banner-link wd-fill\" aria-label=\"Banner link\" href=\"#\" title=\"\"><\/a>\n\t\t\t\t\n\t\t\t\t\t\t\t<\/div>\n\t\t<\/div>\n\n\t\t\t\t<div class=\"promo-banner-wrapper  wd-rs-6889eed6603ac  wd-carousel-item\">\n\t\t\t<div id=\"wd-6889eed6603ac\" class=\"promo-banner  banner- banner-hover-zoom color-scheme-light banner-btn-size-small banner-btn-style-link banner-increased-padding  with-btn banner-btn-position-hover wd-with-link wd-underline-colored\">\n\t\t\t\t<div class=\"main-wrapp-img\">\n\t\t\t\t\t<div class=\"banner-image wd-bg-position-center\" >\n\t\t\t\t\t\t<img loading=\"lazy\" decoding=\"async\" width=\"600\" height=\"400\" src=\"https:\/\/avenyazilim.com\/alpino\/wp-content\/uploads\/2025\/07\/japandy-koltuk-scaled-e1753869258153.jpg\" class=\"attachment-full size-full\" alt=\"\" \/>\t\t\t\t\t<\/div>\n\t\t\t\t<\/div>\n\n\t\t\t\t<div class=\"wrapper-content-banner wd-fill  wd-items-top wd-justify-left\">\n\t\t\t\t\t<div class=\"content-banner  text-left\">\n\t\t\t\t\t\t<h4 class=\"banner-title wd-font-weight-700 wd-fontsize-l\">JAPANDY<\/h4>\t\t\t\t\t\t\t\t\t\t\t\t\t<div class=\"banner-inner set-cont-mb-s reset-last-child \">\n\t\t\t\t\t\t\t\t<p>KOLTUK TAKIMI<\/p>\n\t\t\t\t\t\t\t<\/div>\n\t\t\t\t\t\t\n\t\t\t\t\t\t\n\t\t\t\t\t\t<div class=\"banner-btn-wrapper\"><div id=\"wd-69fcf15ddb7fe\" class=\"  wd-button-wrapper text-left\"><a href=\"#\" title=\"\" class=\"btn btn-color-primary btn-style-link btn-style-rectangle btn-size-small\">Read More<\/a><\/div><\/div>\t\t\t\t\t<\/div>\n\t\t\t\t<\/div>\n\n\t\t\t\t\t\t\t\t\t<a class=\"wd-promo-banner-link wd-fill\" aria-label=\"Banner link\" href=\"#\" title=\"\"><\/a>\n\t\t\t\t\n\t\t\t\t\t\t\t<\/div>\n\t\t<\/div>\n\n\t\t\t\t<div class=\"promo-banner-wrapper  wd-rs-6889eef8cd0b4  wd-carousel-item\">\n\t\t\t<div id=\"wd-6889eef8cd0b4\" class=\"promo-banner  banner- banner-hover-zoom color-scheme-light banner-btn-size-small banner-btn-style-link banner-increased-padding  with-btn banner-btn-position-hover wd-with-link wd-underline-colored\">\n\t\t\t\t<div class=\"main-wrapp-img\">\n\t\t\t\t\t<div class=\"banner-image wd-bg-position-center\" >\n\t\t\t\t\t\t<img loading=\"lazy\" decoding=\"async\" width=\"600\" height=\"400\" src=\"https:\/\/avenyazilim.com\/alpino\/wp-content\/uploads\/2025\/07\/rentvu\u0308nite-scaled-e1753869284361.jpg\" class=\"attachment-full size-full\" alt=\"\" \/>\t\t\t\t\t<\/div>\n\t\t\t\t<\/div>\n\n\t\t\t\t<div class=\"wrapper-content-banner wd-fill  wd-items-top wd-justify-left\">\n\t\t\t\t\t<div class=\"content-banner  text-left\">\n\t\t\t\t\t\t<h4 class=\"banner-title wd-font-weight-700 wd-fontsize-l\">REN<\/h4>\t\t\t\t\t\t\t\t\t\t\t\t\t<div class=\"banner-inner set-cont-mb-s reset-last-child \">\n\t\t\t\t\t\t\t\t<p>TV \u00dcN\u0130TES\u0130<\/p>\n\t\t\t\t\t\t\t<\/div>\n\t\t\t\t\t\t\n\t\t\t\t\t\t\n\t\t\t\t\t\t<div class=\"banner-btn-wrapper\"><div id=\"wd-69fcf15ddbce5\" class=\"  wd-button-wrapper text-left\"><a href=\"#\" title=\"\" class=\"btn btn-color-primary btn-style-link btn-style-rectangle btn-size-small\">Read More<\/a><\/div><\/div>\t\t\t\t\t<\/div>\n\t\t\t\t<\/div>\n\n\t\t\t\t\t\t\t\t\t<a class=\"wd-promo-banner-link wd-fill\" aria-label=\"Banner link\" href=\"#\" title=\"\"><\/a>\n\t\t\t\t\n\t\t\t\t\t\t\t<\/div>\n\t\t<\/div>\n\n\t\t\t\t<div class=\"promo-banner-wrapper  wd-rs-6889ef1b8cfe2  wd-carousel-item\">\n\t\t\t<div id=\"wd-6889ef1b8cfe2\" class=\"promo-banner  banner- banner-hover-zoom color-scheme-light banner-btn-size-small banner-btn-style-link banner-increased-padding  with-btn banner-btn-position-hover wd-with-link wd-underline-colored\">\n\t\t\t\t<div class=\"main-wrapp-img\">\n\t\t\t\t\t<div class=\"banner-image wd-bg-position-center\" >\n\t\t\t\t\t\t<img loading=\"lazy\" decoding=\"async\" width=\"600\" height=\"400\" src=\"https:\/\/avenyazilim.com\/alpino\/wp-content\/uploads\/2025\/07\/edessa-ofis-scaled-e1753869138387.jpg\" class=\"attachment-full size-full\" alt=\"\" \/>\t\t\t\t\t<\/div>\n\t\t\t\t<\/div>\n\n\t\t\t\t<div class=\"wrapper-content-banner wd-fill  wd-items-top wd-justify-left\">\n\t\t\t\t\t<div class=\"content-banner  text-left\">\n\t\t\t\t\t\t<h4 class=\"banner-title wd-font-weight-700 wd-fontsize-l\">EDESSA<\/h4>\t\t\t\t\t\t\t\t\t\t\t\t\t<div class=\"banner-inner set-cont-mb-s reset-last-child \">\n\t\t\t\t\t\t\t\t<p>OF\u0130S TAKIMI<\/p>\n\t\t\t\t\t\t\t<\/div>\n\t\t\t\t\t\t\n\t\t\t\t\t\t\n\t\t\t\t\t\t<div class=\"banner-btn-wrapper\"><div id=\"wd-69fcf15ddc1c0\" class=\"  wd-button-wrapper text-left\"><a href=\"#\" title=\"\" class=\"btn btn-color-primary btn-style-link btn-style-rectangle btn-size-small\">Read More<\/a><\/div><\/div>\t\t\t\t\t<\/div>\n\t\t\t\t<\/div>\n\n\t\t\t\t\t\t\t\t\t<a class=\"wd-promo-banner-link wd-fill\" aria-label=\"Banner link\" href=\"#\" title=\"\"><\/a>\n\t\t\t\t\n\t\t\t\t\t\t\t<\/div>\n\t\t<\/div>\n\n\t\t\t\t<div class=\"promo-banner-wrapper  wd-rs-6889ee1069994  wd-carousel-item\">\n\t\t\t<div id=\"wd-6889ee1069994\" class=\"promo-banner  banner- banner-hover-zoom color-scheme-light banner-btn-size-small banner-btn-style-link banner-increased-padding  with-btn banner-btn-position-hover wd-with-link wd-underline-colored\">\n\t\t\t\t<div class=\"main-wrapp-img\">\n\t\t\t\t\t<div class=\"banner-image wd-bg-position-center\" >\n\t\t\t\t\t\t<img loading=\"lazy\" decoding=\"async\" width=\"600\" height=\"400\" src=\"https:\/\/avenyazilim.com\/alpino\/wp-content\/uploads\/2025\/07\/artani-yatak.jpg\" class=\"attachment-full size-full\" alt=\"\" \/>\t\t\t\t\t<\/div>\n\t\t\t\t<\/div>\n\n\t\t\t\t<div class=\"wrapper-content-banner wd-fill  wd-items-top wd-justify-left\">\n\t\t\t\t\t<div class=\"content-banner  text-left\">\n\t\t\t\t\t\t<h4 class=\"banner-title wd-font-weight-700 wd-fontsize-l\">ARTAN\u0130<\/h4>\t\t\t\t\t\t\t\t\t\t\t\t\t<div class=\"banner-inner set-cont-mb-s reset-last-child \">\n\t\t\t\t\t\t\t\t<p>YATAK ODASI<\/p>\n\t\t\t\t\t\t\t<\/div>\n\t\t\t\t\t\t\n\t\t\t\t\t\t\n\t\t\t\t\t\t<div class=\"banner-btn-wrapper\"><div id=\"wd-69fcf15ddc69f\" class=\"  wd-button-wrapper text-left\"><a href=\"#\" title=\"\" class=\"btn btn-color-primary btn-style-link btn-style-rectangle btn-size-small\">Read More<\/a><\/div><\/div>\t\t\t\t\t<\/div>\n\t\t\t\t<\/div>\n\n\t\t\t\t\t\t\t\t\t<a class=\"wd-promo-banner-link wd-fill\" aria-label=\"Banner link\" href=\"#\" title=\"\"><\/a>\n\t\t\t\t\n\t\t\t\t\t\t\t<\/div>\n\t\t<\/div>\n\n\t\t\t\t\t\t\t\t<\/div>\n\t\t\t\t\t<\/div>\n\n\t\t\t\t\t\t\t\t\t\t\t\t\t<div class=\"wd-nav-arrows wd-pos-sep wd-hover-1 wd-icon-1\">\n\t\t\t<div class=\"wd-btn-arrow wd-prev wd-disabled\">\n\t\t\t\t<div class=\"wd-arrow-inner\"><\/div>\n\t\t\t<\/div>\n\t\t\t<div class=\"wd-btn-arrow wd-next\">\n\t\t\t\t<div class=\"wd-arrow-inner\"><\/div>\n\t\t\t<\/div>\n\t\t<\/div>\n\t\t\t\t\t\t\t\t\t\t\t<\/div>\n\n\t\t\t\t\t\t\t\t\t\t\t<\/div>\n\n\t\t<\/div><\/div><\/div><\/div><div class=\"vc_row-full-width vc_clearfix\"><\/div><div data-vc-full-width=\"true\" data-vc-full-width-init=\"false\" data-vc-stretch-content=\"true\" class=\"vc_row wpb_row vc_row-fluid vc_row-no-padding wd-rs-6889dc549510c wd-section-stretch-content-no-pd\"><div class=\"wpb_column vc_column_container vc_col-sm-12\"><div class=\"vc_column-inner\"><div class=\"wpb_wrapper\">\n\t<div class=\"wpb_raw_code wpb_raw_html wpb_content_element\" >\n\t\t<div class=\"wpb_wrapper\">\n\t\t\t<a href=\"#videoac\" class=\"wd-open-popup\">\r\n    <div style=\"position:absolute;left: 60px;top: 90px;color: white !important;\">\r\n        <div class=\"liner-continer\">\r\n\t\t    <h4 class=\"\" style=\"\r\n    color: #fff;\r\n    line-height: 18px;\r\n    font-size: 36px;\r\n    font-family: var(--wd-title-font);\r\n    font-weight: 700;\r\n    margin-bottom: 20px;\r\n\">FABR\u0130KA<\/h4>\r\n\t    <\/div>\r\n\t\t    <div class=\"\" style=\"\r\n    color: #fff;\r\n    line-height: 18px;\r\n    font-size: 22px;\r\n    font-family: var(--wd-title-font);\r\n    \/* font-weight: 700; *\/\r\n    margin-bottom: 10px;\r\n\">TANITIM F\u0130LM\u0130<\/div>\r\n\t<\/div>\r\n  <img decoding=\"async\" src=\"https:\/\/avenyazilim.com\/alpino\/wp-content\/uploads\/2025\/07\/Adsiz-tasarim-43.jpg\" alt=\"Video Thumbnail\" style=\"max-width:100%; height:auto;\">\r\n<\/a>\r\n\n\t\t<\/div>\n\t<\/div>\n<\/div><\/div><\/div><\/div><div class=\"vc_row-full-width vc_clearfix\"><\/div><div class=\"vc_row wpb_row vc_row-fluid\"><div class=\"wpb_column vc_column_container vc_col-sm-12\"><div class=\"vc_column-inner\"><div class=\"wpb_wrapper\"><div id=\"wd-6889dcc2d605d\" class=\" wd-rs-6889dcc2d605d   wd-rs-6889dcc2d605d hidden-lg wd-button-wrapper text-center\"><a href=\"#videoac\" title=\"\" class=\"btn btn-color-default btn-style-default btn-style-round btn-size-default wd-open-popup \">GO<\/a><\/div><div id=\"videoac\" class=\"wd-popup wd-popup-element mfp-hide\" style=\"--wd-popup-width:800px;padding:0px;\">\n\t<div class=\"wpb_video_widget wpb_content_element vc_clearfix vc_custom_1753865458990 vc_video-aspect-ratio-169 vc_video-el-width-100 vc_video-align-left wd-rs-6889dce02e69b\" >\n\t\t<div class=\"wpb_wrapper\">\n\t\t\t\n\t\t\t<div class=\"wpb_video_wrapper\"><iframe loading=\"lazy\" title=\"ALPiNO TANITIM FiLMi\" width=\"500\" height=\"281\" src=\"https:\/\/www.youtube.com\/embed\/oOHgICq8WAE?feature=oembed\" frameborder=\"0\" allow=\"accelerometer; autoplay; clipboard-write; encrypted-media; gyroscope; picture-in-picture; web-share\" referrerpolicy=\"strict-origin-when-cross-origin\" allowfullscreen><\/iframe><\/div>\n\t\t<\/div>\n\t<\/div>\n<\/div><\/div><\/div><\/div><\/div><div class=\"vc_row wpb_row vc_row-fluid\"><div class=\"wpb_column vc_column_container vc_col-sm-12\"><div class=\"vc_column-inner\"><div class=\"wpb_wrapper\">\t\t<div id=\"wd-688b864b0a7de\" class=\"wd-image wd-wpb wd-rs-688b864b0a7de wd-enabled-width text-center \">\n\t\t\t\n\t\t\t<img loading=\"lazy\" decoding=\"async\"  src=\"https:\/\/avenyazilim.com\/alpino\/wp-content\/uploads\/2025\/07\/dunyayazili.svg\" title=\"dunyayaz\u0131l\u0131\" width=\"3000\" height=\"3000\">\n\t\t\t\t\t<\/div>\n\t\t<\/div><\/div><\/div><\/div><div class=\"vc_row wpb_row vc_row-fluid vc_row-o-content-middle vc_row-flex wd-rs-688b8abb7bc3a\"><div class=\"wpb_column vc_column_container vc_col-sm-2\/5\"><div class=\"vc_column-inner\"><div class=\"wpb_wrapper\">\t\t<div id=\"wd-68fa335d32a7d\" class=\"wd-image wd-wpb wd-rs-68fa335d32a7d text-center vc_custom_1761227636557\">\n\t\t\t\t\t\t\t<a href=\"https:\/\/avenyazilim.com\/alpino\/wp-content\/uploads\/2025\/08\/alpino-collection-2025.pdf\"  target=\"_blank\">\n\t\t\t\n\t\t\t<img loading=\"lazy\" decoding=\"async\" width=\"400\" height=\"132\" src=\"https:\/\/avenyazilim.com\/alpino\/wp-content\/uploads\/2025\/07\/collection-e1753975194983-400x132.png\" class=\"attachment-medium size-medium\" alt=\"\" srcset=\"https:\/\/avenyazilim.com\/alpino\/wp-content\/uploads\/2025\/07\/collection-e1753975194983-400x132.png 400w, https:\/\/avenyazilim.com\/alpino\/wp-content\/uploads\/2025\/07\/collection-e1753975194983-430x142.png 430w, https:\/\/avenyazilim.com\/alpino\/wp-content\/uploads\/2025\/07\/collection-e1753975194983-450x149.png 450w, https:\/\/avenyazilim.com\/alpino\/wp-content\/uploads\/2025\/07\/collection-e1753975194983.png 598w\" sizes=\"auto, (max-width: 400px) 100vw, 400px\" \/>\n\t\t\t\t\t\t\t<\/a>\n\t\t\t\t\t<\/div>\n\t\t\t\t<div id=\"wd-68fa337f2b887\" class=\"wd-image wd-wpb wd-rs-68fa337f2b887 text-center vc_custom_1761227657115\">\n\t\t\t\t\t\t\t<a href=\"https:\/\/avenyazilim.com\/alpino\/wp-content\/uploads\/2025\/08\/alpino-youngroom-2025.pdf\"  target=\"_blank\">\n\t\t\t\n\t\t\t<img loading=\"lazy\" decoding=\"async\" width=\"400\" height=\"134\" src=\"https:\/\/avenyazilim.com\/alpino\/wp-content\/uploads\/2025\/07\/youngroom-e1753975236541-400x134.png\" class=\"attachment-medium size-medium\" alt=\"\" srcset=\"https:\/\/avenyazilim.com\/alpino\/wp-content\/uploads\/2025\/07\/youngroom-e1753975236541-400x134.png 400w, https:\/\/avenyazilim.com\/alpino\/wp-content\/uploads\/2025\/07\/youngroom-e1753975236541-430x144.png 430w, https:\/\/avenyazilim.com\/alpino\/wp-content\/uploads\/2025\/07\/youngroom-e1753975236541-450x151.png 450w, https:\/\/avenyazilim.com\/alpino\/wp-content\/uploads\/2025\/07\/youngroom-e1753975236541.png 596w\" sizes=\"auto, (max-width: 400px) 100vw, 400px\" \/>\n\t\t\t\t\t\t\t<\/a>\n\t\t\t\t\t<\/div>\n\t\t\t\t<div id=\"wd-68fa338cf20b1\" class=\"wd-image wd-wpb wd-rs-68fa338cf20b1 text-center \">\n\t\t\t\t\t\t\t<a href=\"https:\/\/avenyazilim.com\/alpino\/wp-content\/uploads\/2025\/08\/alpino-matress-2025.pdf\"  target=\"_blank\">\n\t\t\t\n\t\t\t<img loading=\"lazy\" decoding=\"async\" width=\"400\" height=\"136\" src=\"https:\/\/avenyazilim.com\/alpino\/wp-content\/uploads\/2025\/07\/matress-e1753975280746-400x136.png\" class=\"attachment-medium size-medium\" alt=\"\" srcset=\"https:\/\/avenyazilim.com\/alpino\/wp-content\/uploads\/2025\/07\/matress-e1753975280746-400x136.png 400w, https:\/\/avenyazilim.com\/alpino\/wp-content\/uploads\/2025\/07\/matress-e1753975280746-430x146.png 430w, https:\/\/avenyazilim.com\/alpino\/wp-content\/uploads\/2025\/07\/matress-e1753975280746-450x153.png 450w, https:\/\/avenyazilim.com\/alpino\/wp-content\/uploads\/2025\/07\/matress-e1753975280746.png 598w\" sizes=\"auto, (max-width: 400px) 100vw, 400px\" \/>\n\t\t\t\t\t\t\t<\/a>\n\t\t\t\t\t<\/div>\n\t\t<\/div><\/div><\/div><div class=\"wpb_column vc_column_container vc_col-sm-3\/5\"><div class=\"vc_column-inner\"><div class=\"wpb_wrapper\">\t\t<div id=\"wd-68fa333de079f\" class=\"wd-image wd-wpb wd-rs-68fa333de079f text-center \">\n\t\t\t\n\t\t\t<img loading=\"lazy\" decoding=\"async\" width=\"1668\" height=\"896\" src=\"https:\/\/avenyazilim.com\/alpino\/wp-content\/uploads\/2025\/07\/instagrammockup-scaled-e1753975578117.png\" class=\"attachment-full size-full\" alt=\"\" srcset=\"https:\/\/avenyazilim.com\/alpino\/wp-content\/uploads\/2025\/07\/instagrammockup-scaled-e1753975578117.png 1668w, https:\/\/avenyazilim.com\/alpino\/wp-content\/uploads\/2025\/07\/instagrammockup-scaled-e1753975578117-430x231.png 430w, https:\/\/avenyazilim.com\/alpino\/wp-content\/uploads\/2025\/07\/instagrammockup-scaled-e1753975578117-450x242.png 450w, https:\/\/avenyazilim.com\/alpino\/wp-content\/uploads\/2025\/07\/instagrammockup-scaled-e1753975578117-700x376.png 700w, https:\/\/avenyazilim.com\/alpino\/wp-content\/uploads\/2025\/07\/instagrammockup-scaled-e1753975578117-400x215.png 400w, https:\/\/avenyazilim.com\/alpino\/wp-content\/uploads\/2025\/07\/instagrammockup-scaled-e1753975578117-1300x698.png 1300w, https:\/\/avenyazilim.com\/alpino\/wp-content\/uploads\/2025\/07\/instagrammockup-scaled-e1753975578117-768x413.png 768w, https:\/\/avenyazilim.com\/alpino\/wp-content\/uploads\/2025\/07\/instagrammockup-scaled-e1753975578117-1536x825.png 1536w\" sizes=\"auto, (max-width: 1668px) 100vw, 1668px\" \/>\n\t\t\t\t\t<\/div>\n\t\t<\/div><\/div><\/div><\/div><div class=\"vc_row wpb_row vc_row-fluid wd-rs-688c5b185152b\"><div class=\"wpb_column vc_column_container vc_col-sm-12 vc_col-lg-offset-3 vc_col-lg-6 vc_col-md-offset-2 vc_col-md-8 wd-enabled-flex wd-rs-688c5b0c1a125\"><div class=\"vc_column-inner vc_custom_1754028821088\"><div class=\"wpb_wrapper\">\t\t<div id=\"wd-688c592348edc\" class=\"wd-image wd-wpb wd-rs-688c592348edc text-center \">\n\t\t\t\n\t\t\t<img loading=\"lazy\" decoding=\"async\"  src=\"https:\/\/avenyazilim.com\/alpino\/wp-content\/uploads\/2025\/07\/Adsiz-tasarim-13.svg\" title=\"Ads\u0131z tasar\u0131m (13)\" width=\"3000\" height=\"3000\">\n\t\t\t\t\t<\/div>\n\t\t<\/div><\/div><\/div><\/div>\n<\/div>","protected":false},"excerpt":{"rendered":"REN Yatak Odas\u0131 R\u0130XOS Koltuk Tak\u0131m\u0131 DYNAMIC Gen\u00e7 Odas\u0131 KATEGOR\u0130LER 2025 KOLEKS\u0130YONU ARTAN\u0130 YEMEK ODASI Read More JAPANDY KOLTUK TAKIMI","protected":false},"author":1,"featured_media":0,"parent":0,"menu_order":0,"comment_status":"closed","ping_status":"closed","template":"","meta":{"footnotes":""},"class_list":["post-1271","page","type-page","status-publish","hentry"],"_links":{"self":[{"href":"https:\/\/avenyazilim.com\/alpino\/wp-json\/wp\/v2\/pages\/1271","targetHints":{"allow":["GET"]}}],"collection":[{"href":"https:\/\/avenyazilim.com\/alpino\/wp-json\/wp\/v2\/pages"}],"about":[{"href":"https:\/\/avenyazilim.com\/alpino\/wp-json\/wp\/v2\/types\/page"}],"author":[{"embeddable":true,"href":"https:\/\/avenyazilim.com\/alpino\/wp-json\/wp\/v2\/users\/1"}],"replies":[{"embeddable":true,"href":"https:\/\/avenyazilim.com\/alpino\/wp-json\/wp\/v2\/comments?post=1271"}],"version-history":[{"count":124,"href":"https:\/\/avenyazilim.com\/alpino\/wp-json\/wp\/v2\/pages\/1271\/revisions"}],"predecessor-version":[{"id":9631,"href":"https:\/\/avenyazilim.com\/alpino\/wp-json\/wp\/v2\/pages\/1271\/revisions\/9631"}],"wp:attachment":[{"href":"https:\/\/avenyazilim.com\/alpino\/wp-json\/wp\/v2\/media?parent=1271"}],"curies":[{"name":"wp","href":"https:\/\/api.w.org\/{rel}","templated":true}]}}