{"id":12512,"date":"2025-08-04T09:52:16","date_gmt":"2025-08-04T09:52:16","guid":{"rendered":"https:\/\/avenyazilim.com\/alpino\/?page_id=12512"},"modified":"2025-08-04T10:01:14","modified_gmt":"2025-08-04T10:01:14","slug":"kalite-politikamiz","status":"publish","type":"page","link":"https:\/\/avenyazilim.com\/alpino\/kalite-politikamiz\/","title":{"rendered":"Kalite Politikam\u0131z"},"content":{"rendered":"<div class=\"wpb-content-wrapper\"><section data-vc-full-width=\"true\" data-vc-full-width-init=\"false\" class=\"vc_section vc_custom_1754299396098 vc_section-has-fill wd-rs-68907bf969550\"><div class=\"vc_row wpb_row vc_row-fluid vc_custom_1754299218172 vc_row-o-content-middle vc_row-flex wd-rs-68907b4d60cc8\"><div class=\"wpb_column vc_column_container vc_col-sm-10 vc_col-lg-offset-1 vc_col-has-fill wd-rs-68908112b0615\"><div class=\"vc_column-inner vc_custom_1754300693270\"><div class=\"wpb_wrapper\">\n\t\t<div id=\"wd-6890831609914\" class=\"title-wrapper wd-wpb set-mb-s reset-last-child  wd-rs-6890831609914 wd-title-color-primary wd-title-style-underlined text-center vc_custom_1754301207811 wd-width-custom wd-underline-colored\">\n\t\t\t\t\t\t\t<div class=\"title-subtitle  subtitle-color-primary font-default subtitle-style-default wd-font-weight- wd-fontsize-xs\">Alpino Mobilya Ltd. \u015eti.<\/div>\n\t\t\t\n\t\t\t<div class=\"liner-continer\">\n\t\t\t\t<h4 class=\"woodmart-title-container title  wd-font-weight- wd-fontsize-l\" >Kalite Politikas\u0131<\/h4>\n\t\t\t\t\t\t\t<\/div>\n\t\t\t\n\t\t\t\n\t\t\t\n\t\t<\/div>\n\t\t\n\t\t\n\t<div class=\"wpb_text_column wpb_content_element color-scheme-dark\" >\n\t\t<div class=\"wpb_wrapper\">\n\t\t\t<p><span style=\"color: #000000;\">Alpino markas\u0131 ISO 9001:2000 kalite standartlar\u0131 \u00e7er\u00e7evesinde ve s\u00fcrd\u00fcr\u00fclebilirlik esaslar\u0131 g\u00f6z \u00f6n\u00fcnde bulundurularak, s\u00fcrekli denetim alt\u0131nda \u00fcretilmektedir.<\/span><\/p>\n<p><span style=\"color: #000000;\">Alpino markas\u0131n\u0131n devaml\u0131l\u0131\u011f\u0131 ve kalite standartlar\u0131 gere\u011fi, g\u00fcven esas\u0131na dayal\u0131 bir marka anlay\u0131\u015f\u0131 benimsemek kalite politikam\u0131z\u0131n ana felsefesidir. T\u00fcm payda\u015f ve m\u00fc\u015fterilerimizin talep ve gereksinimlerine odakl\u0131 ve memnuniyeti \u00fcst seviyede tutacak bir y\u00f6netim anlay\u0131\u015f\u0131n\u0131 benimseyerek; \u00fcretimimizi ve markam\u0131z\u0131 m\u00fckemmeliyet seviyesine ta\u015f\u0131mak hedefimizdir.<\/span><\/p>\n<p><span style=\"color: #000000;\">\u00c7evre dostu, enerji tasarruflu \u00fcretim politikalar\u0131n\u0131 benimseyerek geli\u015fmek ve t\u00fcm \u00e7al\u0131\u015fanlar\u0131m\u0131za kalite sorumlulu\u011funu a\u015f\u0131layarak hatay\u0131 olu\u015fmadan \u00f6nlemeyi hedefleyen s\u00fcre\u00e7ler yaratmak amac\u0131m\u0131zd\u0131r.<\/span><\/p>\n<p><span style=\"color: #000000;\">\u00c7al\u0131\u015fanlar\u0131m\u0131z\u0131n en de\u011ferli kayna\u011f\u0131m\u0131z oldu\u011funun bilinci ile e\u011fitim ve sosyal geli\u015fim faaliyetlerine \u00f6nem vererek \u00e7e\u015fitli topluluklar ile birlikte \u00e7al\u0131\u015farak geli\u015fmek ve s\u00fcre\u00e7lerimizi uluslararas\u0131 kabul g\u00f6rm\u00fc\u015f standartlar do\u011frultusunda yap\u0131land\u0131rarak, verimlili\u011fi en \u00fcst d\u00fczeye ta\u015f\u0131yacak ara\u00e7 ve teknolojiler ile destekleyerek hizmet vermek kalite politikam\u0131z\u0131n ana esaslar\u0131d\u0131r.<\/span><\/p>\n\n\t\t<\/div>\n\t<\/div>\n\n\t\t<div id=\"wd-68908469d2af7\" class=\"title-wrapper wd-wpb set-mb-s reset-last-child  wd-rs-68908469d2af7 wd-title-color-primary wd-title-style-underlined text-center vc_custom_1754301549480 wd-width-custom wd-underline-colored\">\n\t\t\t\t\t\t\t<div class=\"title-subtitle  subtitle-color-primary font-default subtitle-style-default wd-font-weight- wd-fontsize-xs\">Alpino Mobilya Ltd. \u015eti.<\/div>\n\t\t\t\n\t\t\t<div class=\"liner-continer\">\n\t\t\t\t<h4 class=\"woodmart-title-container title  wd-font-weight- wd-fontsize-l\" >\u00d6d\u00fcllerimiz &amp; Kalite Belgelerimiz<\/h4>\n\t\t\t\t\t\t\t<\/div>\n\t\t\t\n\t\t\t\n\t\t\t\n\t\t<\/div>\n\t\t\n\t\t\n\t<div class=\"wpb_text_column wpb_content_element color-scheme-dark\" >\n\t\t<div class=\"wpb_wrapper\">\n\t\t\t<p><img loading=\"lazy\" decoding=\"async\" class=\" wp-image-12520 aligncenter\" src=\"https:\/\/avenyazilim.com\/alpino\/wp-content\/uploads\/2025\/08\/oduller-400x79.png\" alt=\"\" width=\"625\" height=\"123\" srcset=\"https:\/\/avenyazilim.com\/alpino\/wp-content\/uploads\/2025\/08\/oduller-400x79.png 400w, https:\/\/avenyazilim.com\/alpino\/wp-content\/uploads\/2025\/08\/oduller-430x85.png 430w, https:\/\/avenyazilim.com\/alpino\/wp-content\/uploads\/2025\/08\/oduller-450x89.png 450w, https:\/\/avenyazilim.com\/alpino\/wp-content\/uploads\/2025\/08\/oduller-700x139.png 700w, https:\/\/avenyazilim.com\/alpino\/wp-content\/uploads\/2025\/08\/oduller.png 926w\" sizes=\"auto, (max-width: 625px) 100vw, 625px\" \/><\/p>\n\n\t\t<\/div>\n\t<\/div>\n<\/div><\/div><\/div><\/div><\/section><div class=\"vc_row-full-width vc_clearfix\"><\/div>\n<\/div>","protected":false},"excerpt":{"rendered":"Alpino Mobilya Ltd. \u015eti. Kalite Politikas\u0131 Alpino markas\u0131 ISO 9001:2000 kalite standartlar\u0131 \u00e7er\u00e7evesinde ve s\u00fcrd\u00fcr\u00fclebilirlik esaslar\u0131 g\u00f6z \u00f6n\u00fcnde bulundurularak, s\u00fcrekli","protected":false},"author":1,"featured_media":0,"parent":0,"menu_order":0,"comment_status":"closed","ping_status":"closed","template":"","meta":{"footnotes":""},"class_list":["post-12512","page","type-page","status-publish","hentry"],"_links":{"self":[{"href":"https:\/\/avenyazilim.com\/alpino\/wp-json\/wp\/v2\/pages\/12512","targetHints":{"allow":["GET"]}}],"collection":[{"href":"https:\/\/avenyazilim.com\/alpino\/wp-json\/wp\/v2\/pages"}],"about":[{"href":"https:\/\/avenyazilim.com\/alpino\/wp-json\/wp\/v2\/types\/page"}],"author":[{"embeddable":true,"href":"https:\/\/avenyazilim.com\/alpino\/wp-json\/wp\/v2\/users\/1"}],"replies":[{"embeddable":true,"href":"https:\/\/avenyazilim.com\/alpino\/wp-json\/wp\/v2\/comments?post=12512"}],"version-history":[{"count":8,"href":"https:\/\/avenyazilim.com\/alpino\/wp-json\/wp\/v2\/pages\/12512\/revisions"}],"predecessor-version":[{"id":12525,"href":"https:\/\/avenyazilim.com\/alpino\/wp-json\/wp\/v2\/pages\/12512\/revisions\/12525"}],"wp:attachment":[{"href":"https:\/\/avenyazilim.com\/alpino\/wp-json\/wp\/v2\/media?parent=12512"}],"curies":[{"name":"wp","href":"https:\/\/api.w.org\/{rel}","templated":true}]}}