{"id":9955,"date":"2025-07-30T07:59:39","date_gmt":"2025-07-30T07:59:39","guid":{"rendered":"https:\/\/avenyazilim.com\/alpino\/?post_type=product&#038;p=9955"},"modified":"2025-07-31T13:17:02","modified_gmt":"2025-07-31T13:17:02","slug":"dublin-kose-takimi","status":"publish","type":"product","link":"https:\/\/avenyazilim.com\/alpino\/en\/product\/dublin-kose-takimi\/","title":{"rendered":"Dublin K\u00f6\u015fe Tak\u0131m\u0131"},"content":{"rendered":"<p><img loading=\"lazy\" decoding=\"async\" class=\"wp-image-11776 aligncenter\" role=\"img\" src=\"https:\/\/avenyazilim.com\/alpino\/wp-content\/uploads\/2025\/07\/Adsiz-tasarim-5.svg\" alt=\"\" width=\"1159\" height=\"326\" \/><\/p>","protected":false},"excerpt":{"rendered":"","protected":false},"featured_media":9957,"comment_status":"open","ping_status":"closed","template":"","meta":[],"product_cat":[89],"product_tag":[],"class_list":{"0":"post-9955","1":"product","2":"type-product","3":"status-publish","4":"has-post-thumbnail","6":"product_cat-kose-koltuklar","8":"first","9":"instock","10":"shipping-taxable","11":"product-type-simple"},"_links":{"self":[{"href":"https:\/\/avenyazilim.com\/alpino\/en\/wp-json\/wp\/v2\/product\/9955","targetHints":{"allow":["GET"]}}],"collection":[{"href":"https:\/\/avenyazilim.com\/alpino\/en\/wp-json\/wp\/v2\/product"}],"about":[{"href":"https:\/\/avenyazilim.com\/alpino\/en\/wp-json\/wp\/v2\/types\/product"}],"replies":[{"embeddable":true,"href":"https:\/\/avenyazilim.com\/alpino\/en\/wp-json\/wp\/v2\/comments?post=9955"}],"wp:featuredmedia":[{"embeddable":true,"href":"https:\/\/avenyazilim.com\/alpino\/en\/wp-json\/wp\/v2\/media\/9957"}],"wp:attachment":[{"href":"https:\/\/avenyazilim.com\/alpino\/en\/wp-json\/wp\/v2\/media?parent=9955"}],"wp:term":[{"taxonomy":"product_cat","embeddable":true,"href":"https:\/\/avenyazilim.com\/alpino\/en\/wp-json\/wp\/v2\/product_cat?post=9955"},{"taxonomy":"product_tag","embeddable":true,"href":"https:\/\/avenyazilim.com\/alpino\/en\/wp-json\/wp\/v2\/product_tag?post=9955"}],"curies":[{"name":"wp","href":"https:\/\/api.w.org\/{rel}","templated":true}]}}